{"id":10002,"date":"2018-09-26T16:29:32","date_gmt":"2018-09-26T14:29:32","guid":{"rendered":"https:\/\/artinvesthome.com\/product\/montazna-plocica-za-fgv-sarku-koleno-h4\/"},"modified":"2025-03-04T15:03:58","modified_gmt":"2025-03-04T14:03:58","slug":"montazna-plocica-za-fgv-sarku-koleno-h4","status":"publish","type":"product","link":"https:\/\/artinvesthome.com\/en\/product\/montazna-plocica-za-fgv-sarku-koleno-h4\/","title":{"rendered":"Monta\u017ena plocica za FGV \u0161arku koleno H=4"},"content":{"rendered":"<p>Monta\u017ena plocica za FGV \u0161arku koleno H=4<\/p>\n","protected":false},"excerpt":{"rendered":"<p>Monta\u017ena plocica za FGV \u0161arku koleno H=4 [&#8230;]<\/p>\n<p><a class=\"btn btn-secondary understrap-read-more-link\" href=\"https:\/\/artinvesthome.com\/en\/product\/montazna-plocica-za-fgv-sarku-koleno-h4\/\">Read More&#8230;<\/a><\/p>\n","protected":false},"featured_media":13915,"template":"","meta":[],"class_list":{"0":"post-10002","1":"product","2":"type-product","3":"status-publish","4":"has-post-thumbnail","6":"product_cat-nekategorizovano","7":"pa_jedinica-mere-kom","9":"first","10":"instock","11":"shipping-taxable","12":"purchasable","13":"product-type-simple"},"_links":{"self":[{"href":"https:\/\/artinvesthome.com\/en\/wp-json\/wp\/v2\/product\/10002","targetHints":{"allow":["GET"]}}],"collection":[{"href":"https:\/\/artinvesthome.com\/en\/wp-json\/wp\/v2\/product"}],"about":[{"href":"https:\/\/artinvesthome.com\/en\/wp-json\/wp\/v2\/types\/product"}],"wp:featuredmedia":[{"embeddable":true,"href":"https:\/\/artinvesthome.com\/en\/wp-json\/wp\/v2\/media\/13915"}],"wp:attachment":[{"href":"https:\/\/artinvesthome.com\/en\/wp-json\/wp\/v2\/media?parent=10002"}],"curies":[{"name":"wp","href":"https:\/\/api.w.org\/{rel}","templated":true}]}}