{"id":10318,"date":"2018-09-26T16:31:38","date_gmt":"2018-09-26T14:31:38","guid":{"rendered":"https:\/\/artinvesthome.com\/product\/sarka-blum-clip-top-blumotion-110-ravna-71b3550\/"},"modified":"2025-04-08T19:16:17","modified_gmt":"2025-04-08T17:16:17","slug":"sarka-blum-clip-top-blumotion-110-ravna-71b3550","status":"publish","type":"product","link":"https:\/\/artinvesthome.com\/en\/product\/sarka-blum-clip-top-blumotion-110-ravna-71b3550\/","title":{"rendered":"\u0160arka Blum CLIP TOP Blumotion 110 ravna &#8211; 71B3550"},"content":{"rendered":"\u0160arka BLUM Clip Top BLUMOTION 110 ravna &#8211; 71B3550","protected":false},"excerpt":{"rendered":"<p>\u0160arka BLUM Clip Top BLUMOTION 110 ravna &#8211; 71B3550 [&#8230;]<\/p>\n<p><a class=\"btn btn-secondary understrap-read-more-link\" href=\"https:\/\/artinvesthome.com\/en\/product\/sarka-blum-clip-top-blumotion-110-ravna-71b3550\/\">Read More&#8230;<\/a><\/p>\n","protected":false},"featured_media":13893,"template":"","meta":[],"class_list":{"0":"post-10318","1":"product","2":"type-product","3":"status-publish","4":"has-post-thumbnail","6":"product_cat-sarke-slowmotion","7":"product_cat-sarke-za-namestaj","8":"product_cat-repromaterijali","9":"product_cat-okov-za-namestaj","10":"pa_dobavljac-blum","11":"pa_jedinica-mere-kom","13":"first","14":"instock","15":"shipping-taxable","16":"purchasable","17":"product-type-simple"},"_links":{"self":[{"href":"https:\/\/artinvesthome.com\/en\/wp-json\/wp\/v2\/product\/10318","targetHints":{"allow":["GET"]}}],"collection":[{"href":"https:\/\/artinvesthome.com\/en\/wp-json\/wp\/v2\/product"}],"about":[{"href":"https:\/\/artinvesthome.com\/en\/wp-json\/wp\/v2\/types\/product"}],"wp:featuredmedia":[{"embeddable":true,"href":"https:\/\/artinvesthome.com\/en\/wp-json\/wp\/v2\/media\/13893"}],"wp:attachment":[{"href":"https:\/\/artinvesthome.com\/en\/wp-json\/wp\/v2\/media?parent=10318"}],"curies":[{"name":"wp","href":"https:\/\/api.w.org\/{rel}","templated":true}]}}