{"id":10395,"date":"2018-09-26T16:32:18","date_gmt":"2018-09-26T14:32:18","guid":{"rendered":"https:\/\/artinvesthome.com\/product\/servo-drive-drzac-mreznog-uredaja-z10ng000\/"},"modified":"2024-05-25T11:42:55","modified_gmt":"2024-05-25T09:42:55","slug":"servo-drive-drzac-mreznog-uredaja-z10ng000","status":"publish","type":"product","link":"https:\/\/artinvesthome.com\/en\/product\/servo-drive-drzac-mreznog-uredaja-z10ng000\/","title":{"rendered":"SERVO Drive Dr\u017ea\u010d mre\u017enog ure\u0111aja &#8211; Z10NG000"},"content":{"rendered":"SERVO-DRIVE Dr\u017eac mre\u017enog uredaja &#8211; Z10NG000","protected":false},"excerpt":{"rendered":"<p>SERVO-DRIVE Dr\u017eac mre\u017enog uredaja &#8211; Z10NG000 [&#8230;]<\/p>\n<p><a class=\"btn btn-secondary understrap-read-more-link\" href=\"https:\/\/artinvesthome.com\/en\/product\/servo-drive-drzac-mreznog-uredaja-z10ng000\/\">Read More&#8230;<\/a><\/p>\n","protected":false},"featured_media":14061,"template":"","meta":[],"class_list":{"0":"post-10395","1":"product","2":"type-product","3":"status-publish","4":"has-post-thumbnail","6":"product_cat-box-fioke","7":"product_cat-repromaterijali","8":"product_cat-servo-drive-za-fioke","9":"product_cat-okov-za-namestaj","10":"pa_dobavljac-blum","11":"pa_jedinica-mere-kom","13":"first","14":"instock","15":"shipping-taxable","16":"purchasable","17":"product-type-simple"},"_links":{"self":[{"href":"https:\/\/artinvesthome.com\/en\/wp-json\/wp\/v2\/product\/10395","targetHints":{"allow":["GET"]}}],"collection":[{"href":"https:\/\/artinvesthome.com\/en\/wp-json\/wp\/v2\/product"}],"about":[{"href":"https:\/\/artinvesthome.com\/en\/wp-json\/wp\/v2\/types\/product"}],"wp:featuredmedia":[{"embeddable":true,"href":"https:\/\/artinvesthome.com\/en\/wp-json\/wp\/v2\/media\/14061"}],"wp:attachment":[{"href":"https:\/\/artinvesthome.com\/en\/wp-json\/wp\/v2\/media?parent=10395"}],"curies":[{"name":"wp","href":"https:\/\/api.w.org\/{rel}","templated":true}]}}