{"id":10428,"date":"2018-09-26T16:32:27","date_gmt":"2018-09-26T14:32:27","guid":{"rendered":"https:\/\/artinvesthome.com\/product\/zabica-za-nogicu-na-sraf-za-drvenu-soklu\/"},"modified":"2025-03-15T17:25:32","modified_gmt":"2025-03-15T16:25:32","slug":"zabica-za-nogicu-na-sraf-za-drvenu-soklu","status":"publish","type":"product","link":"https:\/\/artinvesthome.com\/en\/product\/zabica-za-nogicu-na-sraf-za-drvenu-soklu\/","title":{"rendered":"\u017dabica za nogicu na \u0161raf za drvenu soklu"},"content":{"rendered":"\u017dabica za nogicu na \u0161raf za drvenu soklu","protected":false},"excerpt":{"rendered":"<p class=\"qtranxs-available-languages-message qtranxs-available-languages-message-en\">Sorry, this entry is only available in <a href=\"https:\/\/artinvesthome.com\/sr\/wp-json\/wp\/v2\/product\/10428\" class=\"qtranxs-available-language-link qtranxs-available-language-link-sr\" title=\"Serbian\">Serbian<\/a>.<\/p>\n","protected":false},"featured_media":22488,"template":"","meta":[],"class_list":{"0":"post-10428","1":"product","2":"type-product","3":"status-publish","4":"has-post-thumbnail","6":"product_cat-tehnicke-nogice","7":"product_cat-noge-i-nogice","8":"product_cat-repromaterijali","9":"product_cat-okov-za-namestaj","10":"pa_dobavljac-volpato","11":"pa_jedinica-mere-kom","13":"first","14":"instock","15":"shipping-taxable","16":"purchasable","17":"product-type-simple"},"_links":{"self":[{"href":"https:\/\/artinvesthome.com\/en\/wp-json\/wp\/v2\/product\/10428","targetHints":{"allow":["GET"]}}],"collection":[{"href":"https:\/\/artinvesthome.com\/en\/wp-json\/wp\/v2\/product"}],"about":[{"href":"https:\/\/artinvesthome.com\/en\/wp-json\/wp\/v2\/types\/product"}],"wp:featuredmedia":[{"embeddable":true,"href":"https:\/\/artinvesthome.com\/en\/wp-json\/wp\/v2\/media\/22488"}],"wp:attachment":[{"href":"https:\/\/artinvesthome.com\/en\/wp-json\/wp\/v2\/media?parent=10428"}],"curies":[{"name":"wp","href":"https:\/\/api.w.org\/{rel}","templated":true}]}}