{"id":10433,"date":"2018-09-26T16:32:28","date_gmt":"2018-09-26T14:32:28","guid":{"rendered":"https:\/\/artinvesthome.com\/product\/nogica-704r-stelujuca-100x100-h50-ral-9006\/"},"modified":"2024-05-25T11:44:15","modified_gmt":"2024-05-25T09:44:15","slug":"nogica-704r-stelujuca-100x100-h50-ral-9006","status":"publish","type":"product","link":"https:\/\/artinvesthome.com\/en\/product\/nogica-704r-stelujuca-100x100-h50-ral-9006\/","title":{"rendered":"Nogica 704R \u0161teluju\u0107a 100&#215;100 H=50 Ral 9006"},"content":{"rendered":"Nogica 704R \u0161telujuca 100&#215;100 H=50 Ral 9006","protected":false},"excerpt":{"rendered":"<p class=\"qtranxs-available-languages-message qtranxs-available-languages-message-en\">Sorry, this entry is only available in <a href=\"https:\/\/artinvesthome.com\/sr\/wp-json\/wp\/v2\/product\/10433\" class=\"qtranxs-available-language-link qtranxs-available-language-link-sr\" title=\"Serbian\">Serbian<\/a>.<\/p>\n","protected":false},"featured_media":14115,"template":"","meta":[],"class_list":{"0":"post-10433","1":"product","2":"type-product","3":"status-publish","4":"has-post-thumbnail","6":"product_cat-nogice-dizajn","7":"product_cat-noge-i-nogice","8":"product_cat-repromaterijali","9":"product_cat-okov-za-namestaj","10":"pa_dobavljac-poliplast","11":"pa_jedinica-mere-kom","13":"first","14":"instock","15":"shipping-taxable","16":"purchasable","17":"product-type-simple"},"_links":{"self":[{"href":"https:\/\/artinvesthome.com\/en\/wp-json\/wp\/v2\/product\/10433","targetHints":{"allow":["GET"]}}],"collection":[{"href":"https:\/\/artinvesthome.com\/en\/wp-json\/wp\/v2\/product"}],"about":[{"href":"https:\/\/artinvesthome.com\/en\/wp-json\/wp\/v2\/types\/product"}],"wp:featuredmedia":[{"embeddable":true,"href":"https:\/\/artinvesthome.com\/en\/wp-json\/wp\/v2\/media\/14115"}],"wp:attachment":[{"href":"https:\/\/artinvesthome.com\/en\/wp-json\/wp\/v2\/media?parent=10433"}],"curies":[{"name":"wp","href":"https:\/\/api.w.org\/{rel}","templated":true}]}}