{"id":10495,"date":"2018-09-26T16:32:40","date_gmt":"2018-09-26T14:32:40","guid":{"rendered":"https:\/\/artinvesthome.com\/product\/sraf-masinski-4x40\/"},"modified":"2024-05-25T11:49:41","modified_gmt":"2024-05-25T09:49:41","slug":"sraf-masinski-4x40","status":"publish","type":"product","link":"https:\/\/artinvesthome.com\/en\/product\/sraf-masinski-4x40\/","title":{"rendered":"\u0160raf ma\u0161inski 4&#215;40"},"content":{"rendered":"<p>\u0160raf ma\u0161inski 4&#215;40<\/p>\n","protected":false},"excerpt":{"rendered":"<p>\u0160raf ma\u0161inski 4&#215;40 [&#8230;]<\/p>\n<p><a class=\"btn btn-secondary understrap-read-more-link\" href=\"https:\/\/artinvesthome.com\/en\/product\/sraf-masinski-4x40\/\">Read More&#8230;<\/a><\/p>\n","protected":false},"featured_media":23633,"template":"","meta":[],"class_list":{"0":"post-10495","1":"product","2":"type-product","3":"status-publish","4":"has-post-thumbnail","6":"product_cat-srafovi-masinski","7":"product_cat-srafovi-i-ekseri","8":"product_cat-repromaterijali","9":"product_cat-okov-za-namestaj","10":"pa_dobavljac-artinvest","11":"pa_jedinica-mere-pak","13":"first","14":"instock","15":"shipping-taxable","16":"purchasable","17":"product-type-simple"},"_links":{"self":[{"href":"https:\/\/artinvesthome.com\/en\/wp-json\/wp\/v2\/product\/10495","targetHints":{"allow":["GET"]}}],"collection":[{"href":"https:\/\/artinvesthome.com\/en\/wp-json\/wp\/v2\/product"}],"about":[{"href":"https:\/\/artinvesthome.com\/en\/wp-json\/wp\/v2\/types\/product"}],"wp:featuredmedia":[{"embeddable":true,"href":"https:\/\/artinvesthome.com\/en\/wp-json\/wp\/v2\/media\/23633"}],"wp:attachment":[{"href":"https:\/\/artinvesthome.com\/en\/wp-json\/wp\/v2\/media?parent=10495"}],"curies":[{"name":"wp","href":"https:\/\/api.w.org\/{rel}","templated":true}]}}