{"id":10999,"date":"2018-09-26T16:34:56","date_gmt":"2018-09-26T14:34:56","guid":{"rendered":"https:\/\/artinvesthome.com\/product\/nosac-garderober-sipke-srednji\/"},"modified":"2024-05-25T11:46:26","modified_gmt":"2024-05-25T09:46:26","slug":"nosac-garderober-sipke-srednji","status":"publish","type":"product","link":"https:\/\/artinvesthome.com\/en\/product\/nosac-garderober-sipke-srednji\/","title":{"rendered":"Nosa\u010d garderober \u0161ipke srednji"},"content":{"rendered":"<p>Nosac garderober \u0161ipke srednji<\/p>\n","protected":false},"excerpt":{"rendered":"<p>Nosac garderober \u0161ipke srednji [&#8230;]<\/p>\n<p><a class=\"btn btn-secondary understrap-read-more-link\" href=\"https:\/\/artinvesthome.com\/en\/product\/nosac-garderober-sipke-srednji\/\">Read More&#8230;<\/a><\/p>\n","protected":false},"featured_media":26435,"template":"","meta":[],"class_list":{"0":"post-10999","1":"product","2":"type-product","3":"status-publish","4":"has-post-thumbnail","6":"product_cat-repromaterijali","7":"product_cat-garderober-sipka","8":"product_cat-oprema-za-plakare","9":"product_cat-okov-za-namestaj","10":"pa_dobavljac-artinvest","11":"pa_jedinica-mere-kom","13":"first","14":"instock","15":"shipping-taxable","16":"purchasable","17":"product-type-simple"},"_links":{"self":[{"href":"https:\/\/artinvesthome.com\/en\/wp-json\/wp\/v2\/product\/10999","targetHints":{"allow":["GET"]}}],"collection":[{"href":"https:\/\/artinvesthome.com\/en\/wp-json\/wp\/v2\/product"}],"about":[{"href":"https:\/\/artinvesthome.com\/en\/wp-json\/wp\/v2\/types\/product"}],"wp:featuredmedia":[{"embeddable":true,"href":"https:\/\/artinvesthome.com\/en\/wp-json\/wp\/v2\/media\/26435"}],"wp:attachment":[{"href":"https:\/\/artinvesthome.com\/en\/wp-json\/wp\/v2\/media?parent=10999"}],"curies":[{"name":"wp","href":"https:\/\/api.w.org\/{rel}","templated":true}]}}