{"id":11268,"date":"2018-09-26T16:36:38","date_gmt":"2018-09-26T14:36:38","guid":{"rendered":"https:\/\/artinvesthome.com\/product\/tbx-antaro-drzac-fronta-unt-fioke-d-beli\/"},"modified":"2024-05-25T11:42:32","modified_gmt":"2024-05-25T09:42:32","slug":"tbx-antaro-drzac-fronta-unt-fioke-d-beli","status":"publish","type":"product","link":"https:\/\/artinvesthome.com\/en\/product\/tbx-antaro-drzac-fronta-unt-fioke-d-beli\/","title":{"rendered":"TBX Antaro Dr\u017ea\u010d fronta Unutra\u0161nja Fioka Bela D &#8211; ZIF.74D0"},"content":{"rendered":"TBX Antaro Drzac fronta unt. Fioke D &#8211; Beli","protected":false},"excerpt":{"rendered":"<p>TBX Antaro Drzac fronta unt. Fioke D &#8211; Beli [&#8230;]<\/p>\n<p><a class=\"btn btn-secondary understrap-read-more-link\" href=\"https:\/\/artinvesthome.com\/en\/product\/tbx-antaro-drzac-fronta-unt-fioke-d-beli\/\">Read More&#8230;<\/a><\/p>\n","protected":false},"featured_media":14030,"template":"","meta":[],"class_list":{"0":"post-11268","1":"product","2":"type-product","3":"status-publish","4":"has-post-thumbnail","6":"product_cat-box-fioke","7":"product_cat-repromaterijali","8":"product_cat-antaro-oprema","9":"product_cat-okov-za-namestaj","10":"pa_dobavljac-blum","11":"pa_jedinica-mere-par","13":"first","14":"instock","15":"shipping-taxable","16":"purchasable","17":"product-type-simple"},"_links":{"self":[{"href":"https:\/\/artinvesthome.com\/en\/wp-json\/wp\/v2\/product\/11268","targetHints":{"allow":["GET"]}}],"collection":[{"href":"https:\/\/artinvesthome.com\/en\/wp-json\/wp\/v2\/product"}],"about":[{"href":"https:\/\/artinvesthome.com\/en\/wp-json\/wp\/v2\/types\/product"}],"wp:featuredmedia":[{"embeddable":true,"href":"https:\/\/artinvesthome.com\/en\/wp-json\/wp\/v2\/media\/14030"}],"wp:attachment":[{"href":"https:\/\/artinvesthome.com\/en\/wp-json\/wp\/v2\/media?parent=11268"}],"curies":[{"name":"wp","href":"https:\/\/api.w.org\/{rel}","templated":true}]}}