{"id":11455,"date":"2018-09-26T16:37:24","date_gmt":"2018-09-26T14:37:24","guid":{"rendered":"https:\/\/artinvesthome.com\/product\/distancer-blum-montaza-busenjem-993-706\/"},"modified":"2024-05-25T11:49:25","modified_gmt":"2024-05-25T09:49:25","slug":"distancer-blum-montaza-busenjem-993-706","status":"publish","type":"product","link":"https:\/\/artinvesthome.com\/en\/product\/distancer-blum-montaza-busenjem-993-706\/","title":{"rendered":"Distancer Blum za prigu\u0161enje Buke &#8211; 993.706"},"content":{"rendered":"Distancer Blum &#8211; Monta\u017ea Busenjem &#8211; 993.706","protected":false},"excerpt":{"rendered":"<p>Distancer Blum &#8211; Monta\u017ea Busenjem &#8211; 993.706 [&#8230;]<\/p>\n<p><a class=\"btn btn-secondary understrap-read-more-link\" href=\"https:\/\/artinvesthome.com\/en\/product\/distancer-blum-montaza-busenjem-993-706\/\">Read More&#8230;<\/a><\/p>\n","protected":false},"featured_media":17205,"template":"","meta":[],"class_list":{"0":"post-11455","1":"product","2":"type-product","3":"status-publish","4":"has-post-thumbnail","6":"product_cat-sarke-za-namestaj","7":"product_cat-usporivaci","8":"product_cat-repromaterijali","9":"product_cat-okov-za-namestaj","10":"pa_dobavljac-blum","11":"pa_jedinica-mere-kom","13":"first","14":"instock","15":"shipping-taxable","16":"purchasable","17":"product-type-simple"},"_links":{"self":[{"href":"https:\/\/artinvesthome.com\/en\/wp-json\/wp\/v2\/product\/11455","targetHints":{"allow":["GET"]}}],"collection":[{"href":"https:\/\/artinvesthome.com\/en\/wp-json\/wp\/v2\/product"}],"about":[{"href":"https:\/\/artinvesthome.com\/en\/wp-json\/wp\/v2\/types\/product"}],"wp:featuredmedia":[{"embeddable":true,"href":"https:\/\/artinvesthome.com\/en\/wp-json\/wp\/v2\/media\/17205"}],"wp:attachment":[{"href":"https:\/\/artinvesthome.com\/en\/wp-json\/wp\/v2\/media?parent=11455"}],"curies":[{"name":"wp","href":"https:\/\/api.w.org\/{rel}","templated":true}]}}