{"id":11456,"date":"2018-09-26T16:37:25","date_gmt":"2018-09-26T14:37:25","guid":{"rendered":"https:\/\/artinvesthome.com\/product\/sarka-blum-clip-top-blumotion-ugaona-45-79b9658\/"},"modified":"2024-05-25T11:49:21","modified_gmt":"2024-05-25T09:49:21","slug":"sarka-blum-clip-top-blumotion-ugaona-45-79b9658","status":"publish","type":"product","link":"https:\/\/artinvesthome.com\/en\/product\/sarka-blum-clip-top-blumotion-ugaona-45-79b9658\/","title":{"rendered":"\u0160arka Blum CLIP TOP Blumotion +45 &#8211; 79B9658"},"content":{"rendered":"\u0160arka BLUM Clip Top BLUMOTION ugaona +45 &#8211; 79B9658","protected":false},"excerpt":{"rendered":"<p>\u0160arka BLUM Clip Top BLUMOTION ugaona +45 &#8211; 79B9658 [&#8230;]<\/p>\n<p><a class=\"btn btn-secondary understrap-read-more-link\" href=\"https:\/\/artinvesthome.com\/en\/product\/sarka-blum-clip-top-blumotion-ugaona-45-79b9658\/\">Read More&#8230;<\/a><\/p>\n","protected":false},"featured_media":17204,"template":"","meta":[],"class_list":{"0":"post-11456","1":"product","2":"type-product","3":"status-publish","4":"has-post-thumbnail","6":"product_cat-sarke-slowmotion","7":"product_cat-sarke-za-namestaj","8":"product_cat-repromaterijali","9":"product_cat-okov-za-namestaj","10":"pa_dobavljac-blum","11":"pa_jedinica-mere-kom","13":"first","14":"instock","15":"shipping-taxable","16":"purchasable","17":"product-type-simple"},"_links":{"self":[{"href":"https:\/\/artinvesthome.com\/en\/wp-json\/wp\/v2\/product\/11456","targetHints":{"allow":["GET"]}}],"collection":[{"href":"https:\/\/artinvesthome.com\/en\/wp-json\/wp\/v2\/product"}],"about":[{"href":"https:\/\/artinvesthome.com\/en\/wp-json\/wp\/v2\/types\/product"}],"wp:featuredmedia":[{"embeddable":true,"href":"https:\/\/artinvesthome.com\/en\/wp-json\/wp\/v2\/media\/17204"}],"wp:attachment":[{"href":"https:\/\/artinvesthome.com\/en\/wp-json\/wp\/v2\/media?parent=11456"}],"curies":[{"name":"wp","href":"https:\/\/api.w.org\/{rel}","templated":true}]}}