{"id":11581,"date":"2018-09-26T16:38:07","date_gmt":"2018-09-26T14:38:07","guid":{"rendered":"https:\/\/artinvesthome.com\/product\/montazna-plocica-za-sarke-blum-ravna-174h7100e\/"},"modified":"2025-10-14T22:33:49","modified_gmt":"2025-10-14T20:33:49","slug":"montazna-plocica-za-sarke-blum-ravna-174h7100e","status":"publish","type":"product","link":"https:\/\/artinvesthome.com\/en\/product\/montazna-plocica-za-sarke-blum-ravna-174h7100e\/","title":{"rendered":"Monta\u017ena plo\u010dica za \u0161arke Blum Ekscentarska unakrsna EXPANDO H=0 &#8211; 174H7100E"},"content":{"rendered":"Monta\u017ena plocica za \u0161arke BLUM ravna 174H7100E","protected":false},"excerpt":{"rendered":"<p>Monta\u017ena plocica za \u0161arke BLUM ravna 174H7100E [&#8230;]<\/p>\n<p><a class=\"btn btn-secondary understrap-read-more-link\" href=\"https:\/\/artinvesthome.com\/en\/product\/montazna-plocica-za-sarke-blum-ravna-174h7100e\/\">Read More&#8230;<\/a><\/p>\n","protected":false},"featured_media":17190,"template":"","meta":[],"class_list":{"0":"post-11581","1":"product","2":"type-product","3":"status-publish","4":"has-post-thumbnail","6":"product_cat-sarke-za-namestaj","7":"product_cat-montazne-plocice","8":"product_cat-repromaterijali","9":"product_cat-okov-za-namestaj","10":"pa_dobavljac-blum","11":"pa_jedinica-mere-kom","13":"first","14":"instock","15":"shipping-taxable","16":"purchasable","17":"product-type-simple"},"_links":{"self":[{"href":"https:\/\/artinvesthome.com\/en\/wp-json\/wp\/v2\/product\/11581","targetHints":{"allow":["GET"]}}],"collection":[{"href":"https:\/\/artinvesthome.com\/en\/wp-json\/wp\/v2\/product"}],"about":[{"href":"https:\/\/artinvesthome.com\/en\/wp-json\/wp\/v2\/types\/product"}],"wp:featuredmedia":[{"embeddable":true,"href":"https:\/\/artinvesthome.com\/en\/wp-json\/wp\/v2\/media\/17190"}],"wp:attachment":[{"href":"https:\/\/artinvesthome.com\/en\/wp-json\/wp\/v2\/media?parent=11581"}],"curies":[{"name":"wp","href":"https:\/\/api.w.org\/{rel}","templated":true}]}}