{"id":11652,"date":"2018-09-26T16:38:41","date_gmt":"2018-09-26T14:38:41","guid":{"rendered":"https:\/\/artinvesthome.com\/product\/tbx-drzac-zadnje-stranice-od-drveta-visina-c192mm-beli-z30c000s-04-weisse\/"},"modified":"2025-03-24T18:33:13","modified_gmt":"2025-03-24T17:33:13","slug":"tbx-drzac-zadnje-stranice-od-drveta-visina-c192mm-beli-z30c000s-04-weisse","status":"publish","type":"product","link":"https:\/\/artinvesthome.com\/en\/product\/tbx-drzac-zadnje-stranice-od-drveta-visina-c192mm-beli-z30c000s-04-weisse\/","title":{"rendered":"TBX Dr\u017ea\u010d zadnje stranice od drveta C192mm Beli &#8211; Z30C000S.04"},"content":{"rendered":"<p>TBX Dr\u017eac zadnje stranice od drveta visina C192mm &#8211; beli Z30C000S.04 weisse<\/p>\n","protected":false},"excerpt":{"rendered":"<p>TBX Dr\u017eac zadnje stranice od drveta visina C192mm &#8211; beli Z30C000S.04 weisse [&#8230;]<\/p>\n<p><a class=\"btn btn-secondary understrap-read-more-link\" href=\"https:\/\/artinvesthome.com\/en\/product\/tbx-drzac-zadnje-stranice-od-drveta-visina-c192mm-beli-z30c000s-04-weisse\/\">Read More&#8230;<\/a><\/p>\n","protected":false},"featured_media":13997,"template":"","meta":[],"class_list":{"0":"post-11652","1":"product","2":"type-product","3":"status-publish","4":"has-post-thumbnail","6":"product_cat-box-fioke","7":"product_cat-repromaterijali","8":"product_cat-antaro-oprema","9":"product_cat-okov-za-namestaj","10":"pa_dobavljac-blum","11":"pa_jedinica-mere-par","13":"first","14":"instock","15":"shipping-taxable","16":"purchasable","17":"product-type-simple"},"_links":{"self":[{"href":"https:\/\/artinvesthome.com\/en\/wp-json\/wp\/v2\/product\/11652","targetHints":{"allow":["GET"]}}],"collection":[{"href":"https:\/\/artinvesthome.com\/en\/wp-json\/wp\/v2\/product"}],"about":[{"href":"https:\/\/artinvesthome.com\/en\/wp-json\/wp\/v2\/types\/product"}],"wp:featuredmedia":[{"embeddable":true,"href":"https:\/\/artinvesthome.com\/en\/wp-json\/wp\/v2\/media\/13997"}],"wp:attachment":[{"href":"https:\/\/artinvesthome.com\/en\/wp-json\/wp\/v2\/media?parent=11652"}],"curies":[{"name":"wp","href":"https:\/\/api.w.org\/{rel}","templated":true}]}}