{"id":12310,"date":"2018-09-26T16:43:33","date_gmt":"2018-09-26T14:43:33","guid":{"rendered":"https:\/\/artinvesthome.com\/product\/blumov-drzac-tanjira-orga-i-ambia-line-zc7t0350\/"},"modified":"2024-05-25T11:42:15","modified_gmt":"2024-05-25T09:42:15","slug":"blumov-drzac-tanjira-orga-i-ambia-line-zc7t0350","status":"publish","type":"product","link":"https:\/\/artinvesthome.com\/en\/product\/blumov-drzac-tanjira-orga-i-ambia-line-zc7t0350\/","title":{"rendered":"AMBIA LINE Dr\u017ea\u010d Tanjira &#8211; ZC7T0350"},"content":{"rendered":"BLUMOV Dr\u017eac tanjira ORGA I AMBIA LINE  &#8211; ZC7T0350","protected":false},"excerpt":{"rendered":"<p>BLUMOV Dr\u017eac tanjira ORGA I AMBIA LINE &#8211; ZC7T0350 [&#8230;]<\/p>\n<p><a class=\"btn btn-secondary understrap-read-more-link\" href=\"https:\/\/artinvesthome.com\/en\/product\/blumov-drzac-tanjira-orga-i-ambia-line-zc7t0350\/\">Read More&#8230;<\/a><\/p>\n","protected":false},"featured_media":24020,"template":"","meta":[],"class_list":{"0":"post-12310","1":"product","2":"type-product","3":"status-publish","4":"has-post-thumbnail","6":"product_cat-box-fioke","7":"product_cat-repromaterijali","8":"product_cat-organizator-za-fioke","9":"product_cat-okov-za-namestaj","10":"pa_dobavljac-blum","11":"pa_jedinica-mere-kom","13":"first","14":"instock","15":"shipping-taxable","16":"purchasable","17":"product-type-simple"},"_links":{"self":[{"href":"https:\/\/artinvesthome.com\/en\/wp-json\/wp\/v2\/product\/12310","targetHints":{"allow":["GET"]}}],"collection":[{"href":"https:\/\/artinvesthome.com\/en\/wp-json\/wp\/v2\/product"}],"about":[{"href":"https:\/\/artinvesthome.com\/en\/wp-json\/wp\/v2\/types\/product"}],"wp:featuredmedia":[{"embeddable":true,"href":"https:\/\/artinvesthome.com\/en\/wp-json\/wp\/v2\/media\/24020"}],"wp:attachment":[{"href":"https:\/\/artinvesthome.com\/en\/wp-json\/wp\/v2\/media?parent=12310"}],"curies":[{"name":"wp","href":"https:\/\/api.w.org\/{rel}","templated":true}]}}