{"id":12422,"date":"2018-09-26T16:44:23","date_gmt":"2018-09-26T14:44:23","guid":{"rendered":"https:\/\/artinvesthome.com\/product\/tockic-sa-plocicom-fi40\/"},"modified":"2024-09-07T14:17:42","modified_gmt":"2024-09-07T12:17:42","slug":"tockic-sa-plocicom-fi40","status":"publish","type":"product","link":"https:\/\/artinvesthome.com\/en\/product\/tockic-sa-plocicom-fi40\/","title":{"rendered":"To\u010dki\u0107 sa plo\u010dicom fi40 crni &#8211; bez ko\u010dnice"},"content":{"rendered":"<p>Tockic sa plocicom fi40<\/p>\n","protected":false},"excerpt":{"rendered":"<p>Tockic sa plocicom fi40 [&#8230;]<\/p>\n<p><a class=\"btn btn-secondary understrap-read-more-link\" href=\"https:\/\/artinvesthome.com\/en\/product\/tockic-sa-plocicom-fi40\/\">Read More&#8230;<\/a><\/p>\n","protected":false},"featured_media":23477,"template":"","meta":[],"class_list":{"0":"post-12422","1":"product","2":"type-product","3":"status-publish","4":"has-post-thumbnail","6":"product_cat-tockici-za-namestaj","7":"product_cat-repromaterijali","8":"product_cat-tockici-za-namestaj-tockici-za-namestaj","9":"product_cat-okov-za-namestaj","10":"pa_dobavljac-artinvest","11":"pa_jedinica-mere-kom","13":"first","14":"instock","15":"shipping-taxable","16":"purchasable","17":"product-type-simple"},"_links":{"self":[{"href":"https:\/\/artinvesthome.com\/en\/wp-json\/wp\/v2\/product\/12422","targetHints":{"allow":["GET"]}}],"collection":[{"href":"https:\/\/artinvesthome.com\/en\/wp-json\/wp\/v2\/product"}],"about":[{"href":"https:\/\/artinvesthome.com\/en\/wp-json\/wp\/v2\/types\/product"}],"wp:featuredmedia":[{"embeddable":true,"href":"https:\/\/artinvesthome.com\/en\/wp-json\/wp\/v2\/media\/23477"}],"wp:attachment":[{"href":"https:\/\/artinvesthome.com\/en\/wp-json\/wp\/v2\/media?parent=12422"}],"curies":[{"name":"wp","href":"https:\/\/api.w.org\/{rel}","templated":true}]}}