{"id":13087,"date":"2018-09-26T16:47:20","date_gmt":"2018-09-26T14:47:20","guid":{"rendered":"https:\/\/artinvesthome.com\/product\/trpezarijska-stolica-mona-krem-visoki-sjaj-tamno-bez-eko-koza\/"},"modified":"2024-05-31T07:37:44","modified_gmt":"2024-05-31T05:37:44","slug":"trpezarijska-stolica-mona-krem-visoki-sjaj-tamno-bez-eko-koza","status":"publish","type":"product","link":"https:\/\/artinvesthome.com\/en\/product\/trpezarijska-stolica-mona-krem-visoki-sjaj-tamno-bez-eko-koza\/","title":{"rendered":"Trpezarijska stolica MONA krem visoki sjaj-tamno be\u017e eko ko\u017ea"},"content":{"rendered":"<p>Trpezarijska stolica MONA krem visoki sjaj-tamno be\u017e eko ko\u017ea<\/p>\n","protected":false},"excerpt":{"rendered":"<p>Trpezarijska stolica MONA krem visoki sjaj-tamno be\u017e eko ko\u017ea [&#8230;]<\/p>\n<p><a class=\"btn btn-secondary understrap-read-more-link\" href=\"https:\/\/artinvesthome.com\/en\/product\/trpezarijska-stolica-mona-krem-visoki-sjaj-tamno-bez-eko-koza\/\">Read More&#8230;<\/a><\/p>\n","protected":false},"featured_media":0,"template":"","meta":[],"class_list":{"0":"post-13087","1":"product","2":"type-product","3":"status-publish","5":"product_cat-03-trpezarijske-stolice","6":"product_cat-proizvodi-namestaj","7":"pa_dobavljac-arti","8":"pa_jedinica-mere-kom","10":"first","11":"instock","12":"shipping-taxable","13":"product-type-simple"},"_links":{"self":[{"href":"https:\/\/artinvesthome.com\/en\/wp-json\/wp\/v2\/product\/13087","targetHints":{"allow":["GET"]}}],"collection":[{"href":"https:\/\/artinvesthome.com\/en\/wp-json\/wp\/v2\/product"}],"about":[{"href":"https:\/\/artinvesthome.com\/en\/wp-json\/wp\/v2\/types\/product"}],"wp:attachment":[{"href":"https:\/\/artinvesthome.com\/en\/wp-json\/wp\/v2\/media?parent=13087"}],"curies":[{"name":"wp","href":"https:\/\/api.w.org\/{rel}","templated":true}]}}