{"id":15370,"date":"2018-10-17T10:45:28","date_gmt":"2018-10-17T08:45:28","guid":{"rendered":"https:\/\/artinvesthome.com\/product\/okov-za-podesavanje-frontova-plasticni-295-1000\/"},"modified":"2024-05-25T11:43:03","modified_gmt":"2024-05-25T09:43:03","slug":"okov-za-podesavanje-frontova-plasticni-295-1000","status":"publish","type":"product","link":"https:\/\/artinvesthome.com\/en\/product\/okov-za-podesavanje-frontova-plasticni-295-1000\/","title":{"rendered":"Okov za pode\u0161avanje frontova plasti\u010dni &#8211; 295.1000"},"content":{"rendered":"<p>Okov za pode\u0161avanje frontova plasticni &#8211; 295.1000<\/p>\n","protected":false},"excerpt":{"rendered":"<p>Okov za pode\u0161avanje frontova plasticni &#8211; 295.1000 [&#8230;]<\/p>\n<p><a class=\"btn btn-secondary understrap-read-more-link\" href=\"https:\/\/artinvesthome.com\/en\/product\/okov-za-podesavanje-frontova-plasticni-295-1000\/\">Read More&#8230;<\/a><\/p>\n","protected":false},"featured_media":17243,"template":"","meta":[],"class_list":{"0":"post-15370","1":"product","2":"type-product","3":"status-publish","4":"has-post-thumbnail","6":"product_cat-box-fioke","7":"product_cat-repromaterijali","8":"product_cat-antaro-oprema","9":"product_cat-okov-za-namestaj","10":"pa_dobavljac-blum","11":"pa_jedinica-mere-kom","13":"first","14":"instock","15":"shipping-taxable","16":"purchasable","17":"product-type-simple"},"_links":{"self":[{"href":"https:\/\/artinvesthome.com\/en\/wp-json\/wp\/v2\/product\/15370","targetHints":{"allow":["GET"]}}],"collection":[{"href":"https:\/\/artinvesthome.com\/en\/wp-json\/wp\/v2\/product"}],"about":[{"href":"https:\/\/artinvesthome.com\/en\/wp-json\/wp\/v2\/types\/product"}],"wp:featuredmedia":[{"embeddable":true,"href":"https:\/\/artinvesthome.com\/en\/wp-json\/wp\/v2\/media\/17243"}],"wp:attachment":[{"href":"https:\/\/artinvesthome.com\/en\/wp-json\/wp\/v2\/media?parent=15370"}],"curies":[{"name":"wp","href":"https:\/\/api.w.org\/{rel}","templated":true}]}}