{"id":15418,"date":"2018-10-17T10:45:41","date_gmt":"2018-10-17T08:45:41","guid":{"rendered":"https:\/\/artinvesthome.com\/product\/montazna-plocica-sa-tiplovima-i-srafovima-f-174e6100-01\/"},"modified":"2024-05-25T11:49:32","modified_gmt":"2024-05-25T09:49:32","slug":"montazna-plocica-sa-tiplovima-i-srafovima-f-174e6100-01","status":"publish","type":"product","link":"https:\/\/artinvesthome.com\/en\/product\/montazna-plocica-sa-tiplovima-i-srafovima-f-174e6100-01\/","title":{"rendered":"Monta\u017ena plo\u010dica za \u0161arke Blum Unakrsna EXPANDO sa tiplovima i \u0161rafovima H=0 &#8211; 1"},"content":{"rendered":"<p>Monta\u017ena plocica sa tiplovima i \u0161rafovima -F- 174E6100.01<\/p>\n","protected":false},"excerpt":{"rendered":"<p>Monta\u017ena plocica sa tiplovima i \u0161rafovima -F- 174E6100.01 [&#8230;]<\/p>\n<p><a class=\"btn btn-secondary understrap-read-more-link\" href=\"https:\/\/artinvesthome.com\/en\/product\/montazna-plocica-sa-tiplovima-i-srafovima-f-174e6100-01\/\">Read More&#8230;<\/a><\/p>\n","protected":false},"featured_media":17242,"template":"","meta":[],"class_list":{"0":"post-15418","1":"product","2":"type-product","3":"status-publish","4":"has-post-thumbnail","6":"product_cat-sarke-za-namestaj","7":"product_cat-montazne-plocice","8":"product_cat-repromaterijali","9":"product_cat-okov-za-namestaj","10":"pa_dobavljac-blum","11":"pa_jedinica-mere-kom","13":"first","14":"instock","15":"shipping-taxable","16":"purchasable","17":"product-type-simple"},"_links":{"self":[{"href":"https:\/\/artinvesthome.com\/en\/wp-json\/wp\/v2\/product\/15418","targetHints":{"allow":["GET"]}}],"collection":[{"href":"https:\/\/artinvesthome.com\/en\/wp-json\/wp\/v2\/product"}],"about":[{"href":"https:\/\/artinvesthome.com\/en\/wp-json\/wp\/v2\/types\/product"}],"wp:featuredmedia":[{"embeddable":true,"href":"https:\/\/artinvesthome.com\/en\/wp-json\/wp\/v2\/media\/17242"}],"wp:attachment":[{"href":"https:\/\/artinvesthome.com\/en\/wp-json\/wp\/v2\/media?parent=15418"}],"curies":[{"name":"wp","href":"https:\/\/api.w.org\/{rel}","templated":true}]}}