{"id":17998,"date":"2019-08-08T13:03:40","date_gmt":"2019-08-08T11:03:40","guid":{"rendered":"https:\/\/artinvesthome.com\/product\/sarka-gtv-koleno-sa-plocicom\/"},"modified":"2024-06-17T09:22:26","modified_gmt":"2024-06-17T07:22:26","slug":"sarka-gtv-koleno-sa-plocicom","status":"publish","type":"product","link":"https:\/\/artinvesthome.com\/en\/product\/sarka-gtv-koleno-sa-plocicom\/","title":{"rendered":"\u0160arka koleno sa plo\u010dicom"},"content":{"rendered":"<p>\u0160arka GTV koleno sa plocicom<\/p>\n","protected":false},"excerpt":{"rendered":"<p>\u0160arka GTV koleno sa plocicom [&#8230;]<\/p>\n<p><a class=\"btn btn-secondary understrap-read-more-link\" href=\"https:\/\/artinvesthome.com\/en\/product\/sarka-gtv-koleno-sa-plocicom\/\">Read More&#8230;<\/a><\/p>\n","protected":false},"featured_media":20146,"template":"","meta":[],"class_list":{"0":"post-17998","1":"product","2":"type-product","3":"status-publish","4":"has-post-thumbnail","6":"product_cat-sarke-za-namestaj","7":"product_cat-repromaterijali","8":"product_cat-sarke-sa-podloskom","9":"product_cat-okov-za-namestaj","10":"pa_dobavljac-artinvest","11":"pa_jedinica-mere-kom","13":"first","14":"instock","15":"shipping-taxable","16":"purchasable","17":"product-type-simple"},"_links":{"self":[{"href":"https:\/\/artinvesthome.com\/en\/wp-json\/wp\/v2\/product\/17998","targetHints":{"allow":["GET"]}}],"collection":[{"href":"https:\/\/artinvesthome.com\/en\/wp-json\/wp\/v2\/product"}],"about":[{"href":"https:\/\/artinvesthome.com\/en\/wp-json\/wp\/v2\/types\/product"}],"wp:featuredmedia":[{"embeddable":true,"href":"https:\/\/artinvesthome.com\/en\/wp-json\/wp\/v2\/media\/20146"}],"wp:attachment":[{"href":"https:\/\/artinvesthome.com\/en\/wp-json\/wp\/v2\/media?parent=17998"}],"curies":[{"name":"wp","href":"https:\/\/api.w.org\/{rel}","templated":true}]}}