{"id":18137,"date":"2019-08-15T09:01:01","date_gmt":"2019-08-15T07:01:01","guid":{"rendered":"https:\/\/artinvesthome.com\/product\/ulozak-za-escajg-s76-400-grafit-sa-zabicom\/"},"modified":"2024-05-25T11:45:45","modified_gmt":"2024-05-25T09:45:45","slug":"ulozak-za-escajg-s76-400-grafit-sa-zabicom","status":"publish","type":"product","link":"https:\/\/artinvesthome.com\/en\/product\/ulozak-za-escajg-s76-400-grafit-sa-zabicom\/","title":{"rendered":"Ulo\u017eak za escajg S76 400 grafit sa \u017eabicom"},"content":{"rendered":"Ulo\u017eak za escajg S76 400 grafit sa zabicom","protected":false},"excerpt":{"rendered":"<p class=\"qtranxs-available-languages-message qtranxs-available-languages-message-en\">Sorry, this entry is only available in <a href=\"https:\/\/artinvesthome.com\/sr\/wp-json\/wp\/v2\/product\/18137\" class=\"qtranxs-available-language-link qtranxs-available-language-link-sr\" title=\"Serbian\">Serbian<\/a>.<\/p>\n","protected":false},"featured_media":23126,"template":"","meta":[],"class_list":{"0":"post-18137","1":"product","2":"type-product","3":"status-publish","4":"has-post-thumbnail","6":"product_cat-repromaterijali","7":"product_cat-oprema-za-kuhinje","8":"product_cat-oprema-za-fioke","9":"product_cat-okov-za-namestaj","10":"pa_dobavljac-volpato","11":"pa_jedinica-mere-kom","13":"first","14":"instock","15":"shipping-taxable","16":"purchasable","17":"product-type-simple"},"_links":{"self":[{"href":"https:\/\/artinvesthome.com\/en\/wp-json\/wp\/v2\/product\/18137","targetHints":{"allow":["GET"]}}],"collection":[{"href":"https:\/\/artinvesthome.com\/en\/wp-json\/wp\/v2\/product"}],"about":[{"href":"https:\/\/artinvesthome.com\/en\/wp-json\/wp\/v2\/types\/product"}],"wp:featuredmedia":[{"embeddable":true,"href":"https:\/\/artinvesthome.com\/en\/wp-json\/wp\/v2\/media\/23126"}],"wp:attachment":[{"href":"https:\/\/artinvesthome.com\/en\/wp-json\/wp\/v2\/media?parent=18137"}],"curies":[{"name":"wp","href":"https:\/\/api.w.org\/{rel}","templated":true}]}}