{"id":18167,"date":"2019-08-29T15:02:21","date_gmt":"2019-08-29T13:02:21","guid":{"rendered":"https:\/\/artinvesthome.com\/product\/sraf-3-5x16-kimana-sarka-grafit-60101390hx\/"},"modified":"2024-05-25T11:49:29","modified_gmt":"2024-05-25T09:49:29","slug":"sraf-3-5x16-kimana-sarka-grafit-60101390hx","status":"publish","type":"product","link":"https:\/\/artinvesthome.com\/en\/product\/sraf-3-5x16-kimana-sarka-grafit-60101390hx\/","title":{"rendered":"\u0160raf 3.5&#215;16  &#8211; Kimana \u0161arka GRAFIT &#8211; 60101390HX"},"content":{"rendered":"Sraf 3.5&#215;16  &#8211; Kimana \u0161arka GRAFIT &#8211; 60101390HX","protected":false},"excerpt":{"rendered":"<p class=\"qtranxs-available-languages-message qtranxs-available-languages-message-en\">Sorry, this entry is only available in <a href=\"https:\/\/artinvesthome.com\/sr\/wp-json\/wp\/v2\/product\/18167\" class=\"qtranxs-available-language-link qtranxs-available-language-link-sr\" title=\"Serbian\">Serbian<\/a>.<\/p>\n","protected":false},"featured_media":23991,"template":"","meta":[],"class_list":{"0":"post-18167","1":"product","2":"type-product","3":"status-publish","4":"has-post-thumbnail","6":"product_cat-sarke-za-namestaj","7":"product_cat-sarke-za-bar","8":"product_cat-repromaterijali","9":"product_cat-okov-za-namestaj","10":"pa_dobavljac-italiana-ferramenta","11":"pa_jedinica-mere-kom","13":"first","14":"instock","15":"shipping-taxable","16":"purchasable","17":"product-type-simple"},"_links":{"self":[{"href":"https:\/\/artinvesthome.com\/en\/wp-json\/wp\/v2\/product\/18167","targetHints":{"allow":["GET"]}}],"collection":[{"href":"https:\/\/artinvesthome.com\/en\/wp-json\/wp\/v2\/product"}],"about":[{"href":"https:\/\/artinvesthome.com\/en\/wp-json\/wp\/v2\/types\/product"}],"wp:featuredmedia":[{"embeddable":true,"href":"https:\/\/artinvesthome.com\/en\/wp-json\/wp\/v2\/media\/23991"}],"wp:attachment":[{"href":"https:\/\/artinvesthome.com\/en\/wp-json\/wp\/v2\/media?parent=18167"}],"curies":[{"name":"wp","href":"https:\/\/api.w.org\/{rel}","templated":true}]}}