{"id":18169,"date":"2019-08-29T15:02:22","date_gmt":"2019-08-29T13:02:22","guid":{"rendered":"https:\/\/artinvesthome.com\/product\/kimana-sarka-sarka-crna-40120010yq\/"},"modified":"2024-05-25T11:49:29","modified_gmt":"2024-05-25T09:49:29","slug":"kimana-sarka-sarka-crna-40120010yq","status":"publish","type":"product","link":"https:\/\/artinvesthome.com\/en\/product\/kimana-sarka-sarka-crna-40120010yq\/","title":{"rendered":"Kimana \u0161arka &#8211; \u0160arka CRNA &#8211; 40120010YQ"},"content":{"rendered":"Kimana \u0161arka &#8211; \u0160arka CRNA &#8211; 40120010YQ","protected":false},"excerpt":{"rendered":"<p class=\"qtranxs-available-languages-message qtranxs-available-languages-message-en\">Sorry, this entry is only available in <a href=\"https:\/\/artinvesthome.com\/sr\/wp-json\/wp\/v2\/product\/18169\" class=\"qtranxs-available-language-link qtranxs-available-language-link-sr\" title=\"Serbian\">Serbian<\/a>.<\/p>\n","protected":false},"featured_media":23951,"template":"","meta":[],"class_list":{"0":"post-18169","1":"product","2":"type-product","3":"status-publish","4":"has-post-thumbnail","6":"product_cat-sarke-za-namestaj","7":"product_cat-sarke-za-bar","8":"product_cat-repromaterijali","9":"product_cat-okov-za-namestaj","10":"pa_dobavljac-italiana-ferramenta","11":"pa_jedinica-mere-kom","13":"first","14":"instock","15":"shipping-taxable","16":"purchasable","17":"product-type-simple"},"_links":{"self":[{"href":"https:\/\/artinvesthome.com\/en\/wp-json\/wp\/v2\/product\/18169","targetHints":{"allow":["GET"]}}],"collection":[{"href":"https:\/\/artinvesthome.com\/en\/wp-json\/wp\/v2\/product"}],"about":[{"href":"https:\/\/artinvesthome.com\/en\/wp-json\/wp\/v2\/types\/product"}],"wp:featuredmedia":[{"embeddable":true,"href":"https:\/\/artinvesthome.com\/en\/wp-json\/wp\/v2\/media\/23951"}],"wp:attachment":[{"href":"https:\/\/artinvesthome.com\/en\/wp-json\/wp\/v2\/media?parent=18169"}],"curies":[{"name":"wp","href":"https:\/\/api.w.org\/{rel}","templated":true}]}}