{"id":22757,"date":"2020-09-16T15:02:57","date_gmt":"2020-09-16T13:02:57","guid":{"rendered":"https:\/\/artinvesthome.com\/product\/nogica-706r-stelujuca-75x75-h30-ral-9006\/"},"modified":"2024-05-25T11:44:19","modified_gmt":"2024-05-25T09:44:19","slug":"nogica-706r-stelujuca-75x75-h30-ral-9006","status":"publish","type":"product","link":"https:\/\/artinvesthome.com\/en\/product\/nogica-706r-stelujuca-75x75-h30-ral-9006\/","title":{"rendered":"Nogica 706R \u0161teluju\u0107a 75&#215;75 H=30 Ral 9006"},"content":{"rendered":"Nogica 706R \u0161telujuca 75&#215;75 H=30 Ral 9006","protected":false},"excerpt":{"rendered":"<p class=\"qtranxs-available-languages-message qtranxs-available-languages-message-en\">Sorry, this entry is only available in <a href=\"https:\/\/artinvesthome.com\/sr\/wp-json\/wp\/v2\/product\/22757\" class=\"qtranxs-available-language-link qtranxs-available-language-link-sr\" title=\"Serbian\">Serbian<\/a>.<\/p>\n","protected":false},"featured_media":25214,"template":"","meta":[],"class_list":{"0":"post-22757","1":"product","2":"type-product","3":"status-publish","4":"has-post-thumbnail","6":"product_cat-nogice-dizajn","7":"product_cat-noge-i-nogice","8":"product_cat-repromaterijali","9":"product_cat-okov-za-namestaj","10":"pa_dobavljac-poliplast","11":"pa_jedinica-mere-kom","13":"first","14":"instock","15":"shipping-taxable","16":"purchasable","17":"product-type-simple"},"_links":{"self":[{"href":"https:\/\/artinvesthome.com\/en\/wp-json\/wp\/v2\/product\/22757","targetHints":{"allow":["GET"]}}],"collection":[{"href":"https:\/\/artinvesthome.com\/en\/wp-json\/wp\/v2\/product"}],"about":[{"href":"https:\/\/artinvesthome.com\/en\/wp-json\/wp\/v2\/types\/product"}],"wp:featuredmedia":[{"embeddable":true,"href":"https:\/\/artinvesthome.com\/en\/wp-json\/wp\/v2\/media\/25214"}],"wp:attachment":[{"href":"https:\/\/artinvesthome.com\/en\/wp-json\/wp\/v2\/media?parent=22757"}],"curies":[{"name":"wp","href":"https:\/\/api.w.org\/{rel}","templated":true}]}}