{"id":24085,"date":"2021-01-18T13:02:34","date_gmt":"2021-01-18T12:02:34","guid":{"rendered":"https:\/\/artinvesthome.com\/product\/cep-za-otvor-sarke-fi-35-beli\/"},"modified":"2025-03-04T15:03:58","modified_gmt":"2025-03-04T14:03:58","slug":"cep-za-otvor-sarke-fi-35-beli","status":"publish","type":"product","link":"https:\/\/artinvesthome.com\/en\/product\/cep-za-otvor-sarke-fi-35-beli\/","title":{"rendered":"\u010cep za otvor \u0161arke fi 35  beli"},"content":{"rendered":"<p>\u010cep za otvor \u0161arke fi 35  beli<\/p>\n","protected":false},"excerpt":{"rendered":"<p>\u010cep za otvor \u0161arke fi 35 beli [&#8230;]<\/p>\n<p><a class=\"btn btn-secondary understrap-read-more-link\" href=\"https:\/\/artinvesthome.com\/en\/product\/cep-za-otvor-sarke-fi-35-beli\/\">Read More&#8230;<\/a><\/p>\n","protected":false},"featured_media":0,"template":"","meta":[],"class_list":{"0":"post-24085","1":"product","2":"type-product","3":"status-publish","5":"product_cat-nekategorizovano","6":"pa_dobavljac-artinvest","7":"pa_jedinica-mere-kom","9":"first","10":"instock","11":"shipping-taxable","12":"purchasable","13":"product-type-simple"},"_links":{"self":[{"href":"https:\/\/artinvesthome.com\/en\/wp-json\/wp\/v2\/product\/24085","targetHints":{"allow":["GET"]}}],"collection":[{"href":"https:\/\/artinvesthome.com\/en\/wp-json\/wp\/v2\/product"}],"about":[{"href":"https:\/\/artinvesthome.com\/en\/wp-json\/wp\/v2\/types\/product"}],"wp:attachment":[{"href":"https:\/\/artinvesthome.com\/en\/wp-json\/wp\/v2\/media?parent=24085"}],"curies":[{"name":"wp","href":"https:\/\/api.w.org\/{rel}","templated":true}]}}