{"id":24380,"date":"2021-03-01T11:02:21","date_gmt":"2021-03-01T10:02:21","guid":{"rendered":"https:\/\/artinvesthome.com\/product\/zicani-element-korpa-za-ves-el-40-m\/"},"modified":"2024-05-25T11:50:08","modified_gmt":"2024-05-25T09:50:08","slug":"zicani-element-korpa-za-ves-el-40-m","status":"publish","type":"product","link":"https:\/\/artinvesthome.com\/en\/product\/zicani-element-korpa-za-ves-el-40-m\/","title":{"rendered":"\u017dicani element &#8211; Korpa za ve\u0161 EL-40-M"},"content":{"rendered":"<p>\u017dicani element &#8211; Korpa za ve\u0161 EL-40-M<\/p>\n","protected":false},"excerpt":{"rendered":"<p>\u017dicani element &#8211; Korpa za ve\u0161 EL-40-M [&#8230;]<\/p>\n<p><a class=\"btn btn-secondary understrap-read-more-link\" href=\"https:\/\/artinvesthome.com\/en\/product\/zicani-element-korpa-za-ves-el-40-m\/\">Read More&#8230;<\/a><\/p>\n","protected":false},"featured_media":0,"template":"","meta":[],"class_list":{"0":"post-24380","1":"product","2":"type-product","3":"status-publish","5":"product_cat-repromaterijali","6":"product_cat-zicani-elementi","7":"product_cat-korpa-za-ves","8":"product_cat-okov-za-namestaj","10":"first","11":"instock","12":"shipping-taxable","13":"purchasable","14":"product-type-simple"},"_links":{"self":[{"href":"https:\/\/artinvesthome.com\/en\/wp-json\/wp\/v2\/product\/24380","targetHints":{"allow":["GET"]}}],"collection":[{"href":"https:\/\/artinvesthome.com\/en\/wp-json\/wp\/v2\/product"}],"about":[{"href":"https:\/\/artinvesthome.com\/en\/wp-json\/wp\/v2\/types\/product"}],"wp:attachment":[{"href":"https:\/\/artinvesthome.com\/en\/wp-json\/wp\/v2\/media?parent=24380"}],"curies":[{"name":"wp","href":"https:\/\/api.w.org\/{rel}","templated":true}]}}