{"id":25811,"date":"2021-06-01T13:03:19","date_gmt":"2021-06-01T11:03:19","guid":{"rendered":"https:\/\/artinvesthome.com\/product\/ambia-line-drzac-nozeva-zc7m0200\/"},"modified":"2024-05-25T11:42:19","modified_gmt":"2024-05-25T09:42:19","slug":"ambia-line-drzac-nozeva-zc7m0200","status":"publish","type":"product","link":"https:\/\/artinvesthome.com\/en\/product\/ambia-line-drzac-nozeva-zc7m0200\/","title":{"rendered":"AMBIA LINE Dr\u017ea\u010d No\u017eeva &#8211; ZC7M0200"},"content":{"rendered":"AMBIA  LINE Dr\u017eac no\u017eeva &#8211; ZC7M0200","protected":false},"excerpt":{"rendered":"<p>AMBIA LINE Dr\u017eac no\u017eeva &#8211; ZC7M0200 [&#8230;]<\/p>\n<p><a class=\"btn btn-secondary understrap-read-more-link\" href=\"https:\/\/artinvesthome.com\/en\/product\/ambia-line-drzac-nozeva-zc7m0200\/\">Read More&#8230;<\/a><\/p>\n","protected":false},"featured_media":26004,"template":"","meta":[],"class_list":{"0":"post-25811","1":"product","2":"type-product","3":"status-publish","4":"has-post-thumbnail","6":"product_cat-box-fioke","7":"product_cat-repromaterijali","8":"product_cat-organizator-za-fioke","9":"product_cat-okov-za-namestaj","10":"pa_dobavljac-blum","11":"pa_jedinica-mere-set","13":"first","14":"instock","15":"shipping-taxable","16":"purchasable","17":"product-type-simple"},"_links":{"self":[{"href":"https:\/\/artinvesthome.com\/en\/wp-json\/wp\/v2\/product\/25811","targetHints":{"allow":["GET"]}}],"collection":[{"href":"https:\/\/artinvesthome.com\/en\/wp-json\/wp\/v2\/product"}],"about":[{"href":"https:\/\/artinvesthome.com\/en\/wp-json\/wp\/v2\/types\/product"}],"wp:featuredmedia":[{"embeddable":true,"href":"https:\/\/artinvesthome.com\/en\/wp-json\/wp\/v2\/media\/26004"}],"wp:attachment":[{"href":"https:\/\/artinvesthome.com\/en\/wp-json\/wp\/v2\/media?parent=25811"}],"curies":[{"name":"wp","href":"https:\/\/api.w.org\/{rel}","templated":true}]}}