{"id":25827,"date":"2021-06-01T13:04:19","date_gmt":"2021-06-01T11:04:19","guid":{"rendered":"https:\/\/artinvesthome.com\/product\/ambia-line-drzac-sipke-orion-grey-zc7u10e0\/"},"modified":"2024-05-25T11:42:51","modified_gmt":"2024-05-25T09:42:51","slug":"ambia-line-drzac-sipke-orion-grey-zc7u10e0","status":"publish","type":"product","link":"https:\/\/artinvesthome.com\/en\/product\/ambia-line-drzac-sipke-orion-grey-zc7u10e0\/","title":{"rendered":"AMBIA LINE Dr\u017ea\u010d \u0160ipke Orion Grey &#8211; ZC7U10E0"},"content":{"rendered":"<p>AMBIA LINE Dr\u017ea\u010d \u0160ipke Orion Grey &#8211; ZC7U10E0<\/p>\n","protected":false},"excerpt":{"rendered":"<p>AMBIA LINE Dr\u017ea\u010d \u0160ipke Orion Grey &#8211; ZC7U10E0 [&#8230;]<\/p>\n<p><a class=\"btn btn-secondary understrap-read-more-link\" href=\"https:\/\/artinvesthome.com\/en\/product\/ambia-line-drzac-sipke-orion-grey-zc7u10e0\/\">Read More&#8230;<\/a><\/p>\n","protected":false},"featured_media":25903,"template":"","meta":[],"class_list":{"0":"post-25827","1":"product","2":"type-product","3":"status-publish","4":"has-post-thumbnail","6":"product_cat-box-fioke","7":"product_cat-repromaterijali","8":"product_cat-organizator-za-fioke","9":"product_cat-okov-za-namestaj","10":"pa_dobavljac-blum","11":"pa_jedinica-mere-kom","13":"first","14":"instock","15":"shipping-taxable","16":"purchasable","17":"product-type-simple"},"_links":{"self":[{"href":"https:\/\/artinvesthome.com\/en\/wp-json\/wp\/v2\/product\/25827","targetHints":{"allow":["GET"]}}],"collection":[{"href":"https:\/\/artinvesthome.com\/en\/wp-json\/wp\/v2\/product"}],"about":[{"href":"https:\/\/artinvesthome.com\/en\/wp-json\/wp\/v2\/types\/product"}],"wp:featuredmedia":[{"embeddable":true,"href":"https:\/\/artinvesthome.com\/en\/wp-json\/wp\/v2\/media\/25903"}],"wp:attachment":[{"href":"https:\/\/artinvesthome.com\/en\/wp-json\/wp\/v2\/media?parent=25827"}],"curies":[{"name":"wp","href":"https:\/\/api.w.org\/{rel}","templated":true}]}}