{"id":27526,"date":"2021-11-15T11:02:03","date_gmt":"2021-11-15T10:02:03","guid":{"rendered":"https:\/\/artinvesthome.com\/product\/slow-total-dzambo-sina-h-150-m\/"},"modified":"2024-05-25T11:50:15","modified_gmt":"2024-05-25T09:50:15","slug":"slow-total-dzambo-sina-h-150-m","status":"publish","type":"product","link":"https:\/\/artinvesthome.com\/en\/product\/slow-total-dzambo-sina-h-150-m\/","title":{"rendered":"Slow Total d\u017eambo \u0161ina H-150-M"},"content":{"rendered":"<p>Slow Total d\u017eambo \u0161ina H-150-M<\/p>\n","protected":false},"excerpt":{"rendered":"<p>Slow Total d\u017eambo \u0161ina H-150-M [&#8230;]<\/p>\n<p><a class=\"btn btn-secondary understrap-read-more-link\" href=\"https:\/\/artinvesthome.com\/en\/product\/slow-total-dzambo-sina-h-150-m\/\">Read More&#8230;<\/a><\/p>\n","protected":false},"featured_media":0,"template":"","meta":[],"class_list":{"0":"post-27526","1":"product","2":"type-product","3":"status-publish","5":"product_cat-repromaterijali","6":"product_cat-zicani-elementi","7":"product_cat-dzambo-spajz","8":"product_cat-okov-za-namestaj","10":"first","11":"instock","12":"shipping-taxable","13":"purchasable","14":"product-type-simple"},"_links":{"self":[{"href":"https:\/\/artinvesthome.com\/en\/wp-json\/wp\/v2\/product\/27526","targetHints":{"allow":["GET"]}}],"collection":[{"href":"https:\/\/artinvesthome.com\/en\/wp-json\/wp\/v2\/product"}],"about":[{"href":"https:\/\/artinvesthome.com\/en\/wp-json\/wp\/v2\/types\/product"}],"wp:attachment":[{"href":"https:\/\/artinvesthome.com\/en\/wp-json\/wp\/v2\/media?parent=27526"}],"curies":[{"name":"wp","href":"https:\/\/api.w.org\/{rel}","templated":true}]}}