{"id":29165,"date":"2022-05-03T11:02:01","date_gmt":"2022-05-03T09:02:01","guid":{"rendered":"https:\/\/artinvesthome.com\/product\/tandem-klizac-tip-on-delimicno-otvaranje-500mm-30kg-550h5000t\/"},"modified":"2024-05-25T11:43:31","modified_gmt":"2024-05-25T09:43:31","slug":"tandem-klizac-tip-on-delimicno-otvaranje-500mm-30kg-550h5000t","status":"publish","type":"product","link":"https:\/\/artinvesthome.com\/en\/product\/tandem-klizac-tip-on-delimicno-otvaranje-500mm-30kg-550h5000t\/","title":{"rendered":"Tandem Kliza\u010d int.TIP ON delimi\u010dno otvaranje 500mm 30kg &#8211; 550H5000T"},"content":{"rendered":"<p>Tandem Kliza\u010d TIP ON delimi\u010dno otvaranje 500mm 30kg &#8211; 550H5000T<\/p>\n","protected":false},"excerpt":{"rendered":"<p class=\"qtranxs-available-languages-message qtranxs-available-languages-message-en\">Sorry, this entry is only available in <a href=\"https:\/\/artinvesthome.com\/sr\/wp-json\/wp\/v2\/product\/29165\" class=\"qtranxs-available-language-link qtranxs-available-language-link-sr\" title=\"Serbian\">Serbian<\/a>.<\/p>\n","protected":false},"featured_media":38887,"template":"","meta":[],"class_list":{"0":"post-29165","1":"product","2":"type-product","3":"status-publish","4":"has-post-thumbnail","6":"product_cat-repromaterijali","7":"product_cat-klizaci-za-fioke","8":"product_cat-tandem-tip-on-delimicno-otvaranje","9":"product_cat-okov-za-namestaj","10":"pa_dobavljac-blum","11":"pa_jedinica-mere-par","13":"first","14":"instock","15":"shipping-taxable","16":"purchasable","17":"product-type-simple"},"_links":{"self":[{"href":"https:\/\/artinvesthome.com\/en\/wp-json\/wp\/v2\/product\/29165","targetHints":{"allow":["GET"]}}],"collection":[{"href":"https:\/\/artinvesthome.com\/en\/wp-json\/wp\/v2\/product"}],"about":[{"href":"https:\/\/artinvesthome.com\/en\/wp-json\/wp\/v2\/types\/product"}],"wp:featuredmedia":[{"embeddable":true,"href":"https:\/\/artinvesthome.com\/en\/wp-json\/wp\/v2\/media\/38887"}],"wp:attachment":[{"href":"https:\/\/artinvesthome.com\/en\/wp-json\/wp\/v2\/media?parent=29165"}],"curies":[{"name":"wp","href":"https:\/\/api.w.org\/{rel}","templated":true}]}}