{"id":31131,"date":"2022-06-09T11:02:36","date_gmt":"2022-06-09T09:02:36","guid":{"rendered":"https:\/\/artinvesthome.com\/product\/merivobox-drzac-zadnje-stranice-od-drveta-m108mm-indijum-siva-mat-zb4mooos\/"},"modified":"2024-08-14T12:04:54","modified_gmt":"2024-08-14T10:04:54","slug":"merivobox-drzac-zadnje-stranice-od-drveta-m108mm-indijum-siva-mat-zb4mooos","status":"publish","type":"product","link":"https:\/\/artinvesthome.com\/en\/product\/merivobox-drzac-zadnje-stranice-od-drveta-m108mm-indijum-siva-mat-zb4mooos\/","title":{"rendered":"MerivoBox Dr\u017ea\u010d zadnje stranice od drveta M108mm Indijum Siva Mat &#8211; ZB4M000S"},"content":{"rendered":"<p>MerivoBox Dr\u017ea\u010d zadnje stranice od drveta M108mm Indijum Siva Mat &#8211; ZB4MOOOS<\/p>\n","protected":false},"excerpt":{"rendered":"<p>MerivoBox Dr\u017ea\u010d zadnje stranice od drveta M108mm Indijum Siva Mat &#8211; ZB4MOOOS [&#8230;]<\/p>\n<p><a class=\"btn btn-secondary understrap-read-more-link\" href=\"https:\/\/artinvesthome.com\/en\/product\/merivobox-drzac-zadnje-stranice-od-drveta-m108mm-indijum-siva-mat-zb4mooos\/\">Read More&#8230;<\/a><\/p>\n","protected":false},"featured_media":40283,"template":"","meta":[],"class_list":{"0":"post-31131","1":"product","2":"type-product","3":"status-publish","4":"has-post-thumbnail","6":"product_cat-box-fioke","7":"product_cat-repromaterijali","8":"product_cat-merivobox-oprema","9":"product_cat-okov-za-namestaj","10":"pa_dobavljac-blum","11":"pa_jedinica-mere-par","13":"first","14":"instock","15":"shipping-taxable","16":"purchasable","17":"product-type-simple"},"_links":{"self":[{"href":"https:\/\/artinvesthome.com\/en\/wp-json\/wp\/v2\/product\/31131","targetHints":{"allow":["GET"]}}],"collection":[{"href":"https:\/\/artinvesthome.com\/en\/wp-json\/wp\/v2\/product"}],"about":[{"href":"https:\/\/artinvesthome.com\/en\/wp-json\/wp\/v2\/types\/product"}],"wp:featuredmedia":[{"embeddable":true,"href":"https:\/\/artinvesthome.com\/en\/wp-json\/wp\/v2\/media\/40283"}],"wp:attachment":[{"href":"https:\/\/artinvesthome.com\/en\/wp-json\/wp\/v2\/media?parent=31131"}],"curies":[{"name":"wp","href":"https:\/\/api.w.org\/{rel}","templated":true}]}}