{"id":31134,"date":"2022-06-09T11:02:37","date_gmt":"2022-06-09T09:02:37","guid":{"rendered":"https:\/\/artinvesthome.com\/product\/merivobox-drzac-zadnje-stranice-od-drveta-m209mm-indijum-siva-mat-zb4eo00s\/"},"modified":"2024-08-14T14:12:10","modified_gmt":"2024-08-14T12:12:10","slug":"merivobox-drzac-zadnje-stranice-od-drveta-m209mm-indijum-siva-mat-zb4eo00s","status":"publish","type":"product","link":"https:\/\/artinvesthome.com\/en\/product\/merivobox-drzac-zadnje-stranice-od-drveta-m209mm-indijum-siva-mat-zb4eo00s\/","title":{"rendered":"MerivoBox Dr\u017ea\u010d zadnje stranice od drveta E209mm Indijum Siva Mat &#8211; ZB4E000S"},"content":{"rendered":"<p>MerivoBox Dr\u017ea\u010d zadnje stranice od drveta M209mm Indijum Siva Mat &#8211; ZB4EO00S<\/p>\n","protected":false},"excerpt":{"rendered":"<p>MerivoBox Dr\u017ea\u010d zadnje stranice od drveta M209mm Indijum Siva Mat &#8211; ZB4EO00S [&#8230;]<\/p>\n<p><a class=\"btn btn-secondary understrap-read-more-link\" href=\"https:\/\/artinvesthome.com\/en\/product\/merivobox-drzac-zadnje-stranice-od-drveta-m209mm-indijum-siva-mat-zb4eo00s\/\">Read More&#8230;<\/a><\/p>\n","protected":false},"featured_media":40306,"template":"","meta":[],"class_list":{"0":"post-31134","1":"product","2":"type-product","3":"status-publish","4":"has-post-thumbnail","6":"product_cat-box-fioke","7":"product_cat-repromaterijali","8":"product_cat-merivobox-oprema","9":"product_cat-okov-za-namestaj","10":"pa_dobavljac-blum","11":"pa_jedinica-mere-par","13":"first","14":"instock","15":"shipping-taxable","16":"purchasable","17":"product-type-simple"},"_links":{"self":[{"href":"https:\/\/artinvesthome.com\/en\/wp-json\/wp\/v2\/product\/31134","targetHints":{"allow":["GET"]}}],"collection":[{"href":"https:\/\/artinvesthome.com\/en\/wp-json\/wp\/v2\/product"}],"about":[{"href":"https:\/\/artinvesthome.com\/en\/wp-json\/wp\/v2\/types\/product"}],"wp:featuredmedia":[{"embeddable":true,"href":"https:\/\/artinvesthome.com\/en\/wp-json\/wp\/v2\/media\/40306"}],"wp:attachment":[{"href":"https:\/\/artinvesthome.com\/en\/wp-json\/wp\/v2\/media?parent=31134"}],"curies":[{"name":"wp","href":"https:\/\/api.w.org\/{rel}","templated":true}]}}