{"id":31172,"date":"2022-06-09T11:02:51","date_gmt":"2022-06-09T09:02:51","guid":{"rendered":"https:\/\/artinvesthome.com\/product\/merivobox-poprecna-sipka-svileno-bela-mat-zr4-1059u\/"},"modified":"2024-08-14T15:36:50","modified_gmt":"2024-08-14T13:36:50","slug":"merivobox-poprecna-sipka-svileno-bela-mat-zr4-1059u","status":"publish","type":"product","link":"https:\/\/artinvesthome.com\/en\/product\/merivobox-poprecna-sipka-svileno-bela-mat-zr4-1059u\/","title":{"rendered":"MerivoBox Popre\u010dna \u0161ipka Svileno Bela Mat &#8211; ZR4.1059U"},"content":{"rendered":"<p>MerivoBox Popre\u010dna \u0161ipka Svileno Bela Mat &#8211; ZR4.1059U<\/p>\n","protected":false},"excerpt":{"rendered":"<p>MerivoBox Popre\u010dna \u0161ipka Svileno Bela Mat &#8211; ZR4.1059U [&#8230;]<\/p>\n<p><a class=\"btn btn-secondary understrap-read-more-link\" href=\"https:\/\/artinvesthome.com\/en\/product\/merivobox-poprecna-sipka-svileno-bela-mat-zr4-1059u\/\">Read More&#8230;<\/a><\/p>\n","protected":false},"featured_media":40331,"template":"","meta":[],"class_list":{"0":"post-31172","1":"product","2":"type-product","3":"status-publish","4":"has-post-thumbnail","6":"product_cat-box-fioke","7":"product_cat-repromaterijali","8":"product_cat-merivobox-oprema","9":"product_cat-okov-za-namestaj","10":"pa_dobavljac-blum","11":"pa_jedinica-mere-kom","13":"first","14":"instock","15":"shipping-taxable","16":"purchasable","17":"product-type-simple"},"_links":{"self":[{"href":"https:\/\/artinvesthome.com\/en\/wp-json\/wp\/v2\/product\/31172","targetHints":{"allow":["GET"]}}],"collection":[{"href":"https:\/\/artinvesthome.com\/en\/wp-json\/wp\/v2\/product"}],"about":[{"href":"https:\/\/artinvesthome.com\/en\/wp-json\/wp\/v2\/types\/product"}],"wp:featuredmedia":[{"embeddable":true,"href":"https:\/\/artinvesthome.com\/en\/wp-json\/wp\/v2\/media\/40331"}],"wp:attachment":[{"href":"https:\/\/artinvesthome.com\/en\/wp-json\/wp\/v2\/media?parent=31172"}],"curies":[{"name":"wp","href":"https:\/\/api.w.org\/{rel}","templated":true}]}}