{"id":33578,"date":"2022-11-28T08:49:48","date_gmt":"2022-11-28T07:49:48","guid":{"rendered":"https:\/\/artinvesthome.com\/product\/sipkasti-sablon-za-sarke-clip-top-sipka-65-7500-01\/"},"modified":"2024-05-31T07:37:10","modified_gmt":"2024-05-31T05:37:10","slug":"sipkasti-sablon-za-sarke-clip-top-sipka-65-7500-01","status":"publish","type":"product","link":"https:\/\/artinvesthome.com\/en\/product\/sipkasti-sablon-za-sarke-clip-top-sipka-65-7500-01\/","title":{"rendered":"\u0160ipkasti \u0161ablon za \u0161arke CLIP Top &#8211; \u0160ipka &#8211; 65.7500.01"},"content":{"rendered":"<p>\u0160ipkasti \u0161ablon za \u0161arke CLIP Top &#8211; \u0160ipka &#8211; 65.7500.01<\/p>\n","protected":false},"excerpt":{"rendered":"<p>\u0160ipkasti \u0161ablon za \u0161arke CLIP Top &#8211; \u0160ipka &#8211; 65.7500.01 [&#8230;]<\/p>\n<p><a class=\"btn btn-secondary understrap-read-more-link\" href=\"https:\/\/artinvesthome.com\/en\/product\/sipkasti-sablon-za-sarke-clip-top-sipka-65-7500-01\/\">Read More&#8230;<\/a><\/p>\n","protected":false},"featured_media":0,"template":"","meta":[],"class_list":{"0":"post-33578","1":"product","2":"type-product","3":"status-publish","5":"product_cat-nekategorizovano","6":"pa_dobavljac-blum","7":"pa_jedinica-mere-kom","9":"first","10":"instock","11":"shipping-taxable","12":"product-type-simple"},"_links":{"self":[{"href":"https:\/\/artinvesthome.com\/en\/wp-json\/wp\/v2\/product\/33578","targetHints":{"allow":["GET"]}}],"collection":[{"href":"https:\/\/artinvesthome.com\/en\/wp-json\/wp\/v2\/product"}],"about":[{"href":"https:\/\/artinvesthome.com\/en\/wp-json\/wp\/v2\/types\/product"}],"wp:attachment":[{"href":"https:\/\/artinvesthome.com\/en\/wp-json\/wp\/v2\/media?parent=33578"}],"curies":[{"name":"wp","href":"https:\/\/api.w.org\/{rel}","templated":true}]}}