{"id":34451,"date":"2023-03-30T09:02:50","date_gmt":"2023-03-30T07:02:50","guid":{"rendered":"https:\/\/artinvesthome.com\/product\/stili-garderober-sipka-sa-gumicom-i-parom-nosaca-l-1200mm-crna-09\/"},"modified":"2024-05-25T11:46:33","modified_gmt":"2024-05-25T09:46:33","slug":"stili-garderober-sipka-sa-gumicom-i-parom-nosaca-l-1200mm-crna-09","status":"publish","type":"product","link":"https:\/\/artinvesthome.com\/en\/product\/stili-garderober-sipka-sa-gumicom-i-parom-nosaca-l-1200mm-crna-09\/","title":{"rendered":"STILI garderober \u0161ipka sa gumicom I parom nosa\u010da L-1200mm Crna 09"},"content":{"rendered":"<p>STILI garderober \u0161ipka sa gumicom I parom nosa\u010da L-1200mm Crna 09<\/p>\n","protected":false},"excerpt":{"rendered":"<p>STILI garderober \u0161ipka sa gumicom I parom nosa\u010da L-1200mm Crna 09 [&#8230;]<\/p>\n<p><a class=\"btn btn-secondary understrap-read-more-link\" href=\"https:\/\/artinvesthome.com\/en\/product\/stili-garderober-sipka-sa-gumicom-i-parom-nosaca-l-1200mm-crna-09\/\">Read More&#8230;<\/a><\/p>\n","protected":false},"featured_media":34888,"template":"","meta":[],"class_list":{"0":"post-34451","1":"product","2":"type-product","3":"status-publish","4":"has-post-thumbnail","6":"product_cat-repromaterijali","7":"product_cat-stilli-walk-in","8":"product_cat-oprema-za-plakare","9":"product_cat-okov-za-namestaj","10":"pa_dobavljac-volpato","11":"pa_jedinica-mere-kom","13":"first","14":"instock","15":"shipping-taxable","16":"purchasable","17":"product-type-simple"},"_links":{"self":[{"href":"https:\/\/artinvesthome.com\/en\/wp-json\/wp\/v2\/product\/34451","targetHints":{"allow":["GET"]}}],"collection":[{"href":"https:\/\/artinvesthome.com\/en\/wp-json\/wp\/v2\/product"}],"about":[{"href":"https:\/\/artinvesthome.com\/en\/wp-json\/wp\/v2\/types\/product"}],"wp:featuredmedia":[{"embeddable":true,"href":"https:\/\/artinvesthome.com\/en\/wp-json\/wp\/v2\/media\/34888"}],"wp:attachment":[{"href":"https:\/\/artinvesthome.com\/en\/wp-json\/wp\/v2\/media?parent=34451"}],"curies":[{"name":"wp","href":"https:\/\/api.w.org\/{rel}","templated":true}]}}