{"id":34454,"date":"2023-03-30T09:02:51","date_gmt":"2023-03-30T07:02:51","guid":{"rendered":"https:\/\/artinvesthome.com\/product\/stili-srednji-element-za-pricvrscivanje-police-crna-09\/"},"modified":"2024-05-25T11:46:33","modified_gmt":"2024-05-25T09:46:33","slug":"stili-srednji-element-za-pricvrscivanje-police-crna-09","status":"publish","type":"product","link":"https:\/\/artinvesthome.com\/en\/product\/stili-srednji-element-za-pricvrscivanje-police-crna-09\/","title":{"rendered":"STILI srednji element za pri\u010dvr\u0161\u0107ivanje police Crna 09"},"content":{"rendered":"<p>STILI srednji element za pri\u010dvr\u0161\u0107ivanje police Crna 09<\/p>\n","protected":false},"excerpt":{"rendered":"<p>STILI srednji element za pri\u010dvr\u0161\u0107ivanje police Crna 09 [&#8230;]<\/p>\n<p><a class=\"btn btn-secondary understrap-read-more-link\" href=\"https:\/\/artinvesthome.com\/en\/product\/stili-srednji-element-za-pricvrscivanje-police-crna-09\/\">Read More&#8230;<\/a><\/p>\n","protected":false},"featured_media":34893,"template":"","meta":[],"class_list":{"0":"post-34454","1":"product","2":"type-product","3":"status-publish","4":"has-post-thumbnail","6":"product_cat-repromaterijali","7":"product_cat-stilli-walk-in","8":"product_cat-oprema-za-plakare","9":"product_cat-okov-za-namestaj","10":"pa_dobavljac-volpato","11":"pa_jedinica-mere-kom","13":"first","14":"instock","15":"shipping-taxable","16":"purchasable","17":"product-type-simple"},"_links":{"self":[{"href":"https:\/\/artinvesthome.com\/en\/wp-json\/wp\/v2\/product\/34454","targetHints":{"allow":["GET"]}}],"collection":[{"href":"https:\/\/artinvesthome.com\/en\/wp-json\/wp\/v2\/product"}],"about":[{"href":"https:\/\/artinvesthome.com\/en\/wp-json\/wp\/v2\/types\/product"}],"wp:featuredmedia":[{"embeddable":true,"href":"https:\/\/artinvesthome.com\/en\/wp-json\/wp\/v2\/media\/34893"}],"wp:attachment":[{"href":"https:\/\/artinvesthome.com\/en\/wp-json\/wp\/v2\/media?parent=34454"}],"curies":[{"name":"wp","href":"https:\/\/api.w.org\/{rel}","templated":true}]}}