{"id":35409,"date":"2023-06-06T15:02:54","date_gmt":"2023-06-06T13:02:54","guid":{"rendered":"https:\/\/artinvesthome.com\/product\/bastenska-viseca-ljuljaska-rodos-braon-1150x1080x2030-mm\/"},"modified":"2025-04-21T18:35:34","modified_gmt":"2025-04-21T16:35:34","slug":"bastenska-viseca-ljuljaska-rodos-braon-1150x1080x2030-mm","status":"publish","type":"product","link":"https:\/\/artinvesthome.com\/en\/product\/bastenska-viseca-ljuljaska-rodos-braon-1150x1080x2030-mm\/","title":{"rendered":"Ba\u0161tenska viseca ljulja\u0161ka Rodos Braon 1150x1080x2030 mm"},"content":{"rendered":"<p>Ba\u0161tenska viseca ljulja\u0161ka Rodos Braon 1150x1080x2030 mm<\/p>\n","protected":false},"excerpt":{"rendered":"<p>Ba\u0161tenska viseca ljulja\u0161ka Rodos Braon 1150x1080x2030 mm [&#8230;]<\/p>\n<p><a class=\"btn btn-secondary understrap-read-more-link\" href=\"https:\/\/artinvesthome.com\/en\/product\/bastenska-viseca-ljuljaska-rodos-braon-1150x1080x2030-mm\/\">Read More&#8230;<\/a><\/p>\n","protected":false},"featured_media":35419,"template":"","meta":[],"class_list":{"0":"post-35409","1":"product","2":"type-product","3":"status-publish","4":"has-post-thumbnail","6":"product_cat-bastenske-garniture","7":"pa_dobavljac-arti","8":"pa_jedinica-mere-kom","10":"first","11":"instock","12":"shipping-taxable","13":"purchasable","14":"product-type-simple"},"_links":{"self":[{"href":"https:\/\/artinvesthome.com\/en\/wp-json\/wp\/v2\/product\/35409","targetHints":{"allow":["GET"]}}],"collection":[{"href":"https:\/\/artinvesthome.com\/en\/wp-json\/wp\/v2\/product"}],"about":[{"href":"https:\/\/artinvesthome.com\/en\/wp-json\/wp\/v2\/types\/product"}],"wp:featuredmedia":[{"embeddable":true,"href":"https:\/\/artinvesthome.com\/en\/wp-json\/wp\/v2\/media\/35419"}],"wp:attachment":[{"href":"https:\/\/artinvesthome.com\/en\/wp-json\/wp\/v2\/media?parent=35409"}],"curies":[{"name":"wp","href":"https:\/\/api.w.org\/{rel}","templated":true}]}}