{"id":35411,"date":"2023-06-06T15:02:55","date_gmt":"2023-06-06T13:02:55","guid":{"rendered":"https:\/\/artinvesthome.com\/product\/bastenska-viseca-ljuljaska-puket-tamno-plava-1260x1040x1950-mm\/"},"modified":"2026-04-20T09:41:38","modified_gmt":"2026-04-20T07:41:38","slug":"bastenska-viseca-ljuljaska-puket-tamno-plava-1260x1040x1950-mm","status":"publish","type":"product","link":"https:\/\/artinvesthome.com\/en\/product\/bastenska-viseca-ljuljaska-puket-tamno-plava-1260x1040x1950-mm\/","title":{"rendered":"Ba\u0161tenska viseca ljulja\u0161ka Puket Tamno plava 1260x1040x1950 mm"},"content":{"rendered":"<p>Ba\u0161tenska viseca ljulja\u0161ka Puket Tamno plava 1260x1040x1950 mm<\/p>\n","protected":false},"excerpt":{"rendered":"<p>Ba\u0161tenska viseca ljulja\u0161ka Puket Tamno plava 1260x1040x1950 mm [&#8230;]<\/p>\n<p><a class=\"btn btn-secondary understrap-read-more-link\" href=\"https:\/\/artinvesthome.com\/en\/product\/bastenska-viseca-ljuljaska-puket-tamno-plava-1260x1040x1950-mm\/\">Read More&#8230;<\/a><\/p>\n","protected":false},"featured_media":35420,"template":"","meta":[],"class_list":{"0":"post-35411","1":"product","2":"type-product","3":"status-publish","4":"has-post-thumbnail","6":"product_cat-bastenske-visece-ljuljaske","7":"pa_dobavljac-arti","8":"pa_jedinica-mere-kom","10":"first","11":"instock","12":"shipping-taxable","13":"purchasable","14":"product-type-simple"},"_links":{"self":[{"href":"https:\/\/artinvesthome.com\/en\/wp-json\/wp\/v2\/product\/35411","targetHints":{"allow":["GET"]}}],"collection":[{"href":"https:\/\/artinvesthome.com\/en\/wp-json\/wp\/v2\/product"}],"about":[{"href":"https:\/\/artinvesthome.com\/en\/wp-json\/wp\/v2\/types\/product"}],"wp:featuredmedia":[{"embeddable":true,"href":"https:\/\/artinvesthome.com\/en\/wp-json\/wp\/v2\/media\/35420"}],"wp:attachment":[{"href":"https:\/\/artinvesthome.com\/en\/wp-json\/wp\/v2\/media?parent=35411"}],"curies":[{"name":"wp","href":"https:\/\/api.w.org\/{rel}","templated":true}]}}