{"id":36554,"date":"2023-11-17T12:02:27","date_gmt":"2023-11-17T11:02:27","guid":{"rendered":"https:\/\/artinvesthome.com\/product\/torino-set-tockica-za-spoljasnja-vrata-877cpext\/"},"modified":"2024-05-25T11:43:41","modified_gmt":"2024-05-25T09:43:41","slug":"torino-set-tockica-za-spoljasnja-vrata-877cpext","status":"publish","type":"product","link":"https:\/\/artinvesthome.com\/en\/product\/torino-set-tockica-za-spoljasnja-vrata-877cpext\/","title":{"rendered":"TORINO &#8211; Set to\u010dki\u0107a za spolja\u0161nja vrata &#8211; 877CPEXT"},"content":{"rendered":"<p>TORINO &#8211; Set to\u010dki\u0107a za spolja\u0161nja vrata &#8211; 877CPEXT<\/p>\n","protected":false},"excerpt":{"rendered":"<p>TORINO &#8211; Set to\u010dki\u0107a za spolja\u0161nja vrata &#8211; 877CPEXT [&#8230;]<\/p>\n<p><a class=\"btn btn-secondary understrap-read-more-link\" href=\"https:\/\/artinvesthome.com\/en\/product\/torino-set-tockica-za-spoljasnja-vrata-877cpext\/\">Read More&#8230;<\/a><\/p>\n","protected":false},"featured_media":37071,"template":"","meta":[],"class_list":{"0":"post-36554","1":"product","2":"type-product","3":"status-publish","4":"has-post-thumbnail","6":"product_cat-repromaterijali","7":"product_cat-mehanizam-za-klizna-vrata","8":"product_cat-klizni-sistemi-za-plakare","9":"product_cat-okov-za-namestaj","10":"pa_dobavljac-adinor","11":"pa_jedinica-mere-set","13":"first","14":"instock","15":"shipping-taxable","16":"purchasable","17":"product-type-simple"},"_links":{"self":[{"href":"https:\/\/artinvesthome.com\/en\/wp-json\/wp\/v2\/product\/36554","targetHints":{"allow":["GET"]}}],"collection":[{"href":"https:\/\/artinvesthome.com\/en\/wp-json\/wp\/v2\/product"}],"about":[{"href":"https:\/\/artinvesthome.com\/en\/wp-json\/wp\/v2\/types\/product"}],"wp:featuredmedia":[{"embeddable":true,"href":"https:\/\/artinvesthome.com\/en\/wp-json\/wp\/v2\/media\/37071"}],"wp:attachment":[{"href":"https:\/\/artinvesthome.com\/en\/wp-json\/wp\/v2\/media?parent=36554"}],"curies":[{"name":"wp","href":"https:\/\/api.w.org\/{rel}","templated":true}]}}