{"id":36609,"date":"2023-11-17T12:02:43","date_gmt":"2023-11-17T11:02:43","guid":{"rendered":"https:\/\/artinvesthome.com\/product\/sky-puerta-pa-donji-drzac-za-otvaranje-vrata-desno-crna-pa-ad-l-nm\/"},"modified":"2024-05-25T11:48:55","modified_gmt":"2024-05-25T09:48:55","slug":"sky-puerta-pa-donji-drzac-za-otvaranje-vrata-desno-crna-pa-ad-l-nm","status":"publish","type":"product","link":"https:\/\/artinvesthome.com\/en\/product\/sky-puerta-pa-donji-drzac-za-otvaranje-vrata-desno-crna-pa-ad-l-nm\/","title":{"rendered":"SKY PUERTA PA &#8211; Donji dr\u017ea\u010d za otvaranje vrata desno Crna &#8211; PA.AD.L.NM"},"content":{"rendered":"<p>SKY PUERTA PA &#8211; Donji dr\u017ea\u010d za otvaranje vrata desno Crna &#8211; PA.AD.L.NM<\/p>\n","protected":false},"excerpt":{"rendered":"<p>SKY PUERTA PA &#8211; Donji dr\u017ea\u010d za otvaranje vrata desno Crna &#8211; PA.AD.L.NM [&#8230;]<\/p>\n<p><a class=\"btn btn-secondary understrap-read-more-link\" href=\"https:\/\/artinvesthome.com\/en\/product\/sky-puerta-pa-donji-drzac-za-otvaranje-vrata-desno-crna-pa-ad-l-nm\/\">Read More&#8230;<\/a><\/p>\n","protected":false},"featured_media":37038,"template":"","meta":[],"class_list":{"0":"post-36609","1":"product","2":"type-product","3":"status-publish","4":"has-post-thumbnail","6":"product_cat-sistemi-za-pregradna-vrata","7":"product_cat-mehanizam-za-klizna-pregradna-vrata","8":"product_cat-repromaterijali","9":"product_cat-okov-za-namestaj","10":"pa_dobavljac-adinor","11":"pa_jedinica-mere-kom","13":"first","14":"instock","15":"shipping-taxable","16":"purchasable","17":"product-type-simple"},"_links":{"self":[{"href":"https:\/\/artinvesthome.com\/en\/wp-json\/wp\/v2\/product\/36609","targetHints":{"allow":["GET"]}}],"collection":[{"href":"https:\/\/artinvesthome.com\/en\/wp-json\/wp\/v2\/product"}],"about":[{"href":"https:\/\/artinvesthome.com\/en\/wp-json\/wp\/v2\/types\/product"}],"wp:featuredmedia":[{"embeddable":true,"href":"https:\/\/artinvesthome.com\/en\/wp-json\/wp\/v2\/media\/37038"}],"wp:attachment":[{"href":"https:\/\/artinvesthome.com\/en\/wp-json\/wp\/v2\/media?parent=36609"}],"curies":[{"name":"wp","href":"https:\/\/api.w.org\/{rel}","templated":true}]}}