{"id":36629,"date":"2023-11-17T12:02:48","date_gmt":"2023-11-17T11:02:48","guid":{"rendered":"https:\/\/artinvesthome.com\/product\/sky-plafonska-gornja-sina-za-gipsane-ploce-4m-crna-sk113-l-nm-4\/"},"modified":"2024-05-25T11:49:00","modified_gmt":"2024-05-25T09:49:00","slug":"sky-plafonska-gornja-sina-za-gipsane-ploce-4m-crna-sk113-l-nm-4","status":"publish","type":"product","link":"https:\/\/artinvesthome.com\/en\/product\/sky-plafonska-gornja-sina-za-gipsane-ploce-4m-crna-sk113-l-nm-4\/","title":{"rendered":"SKY &#8211; Plafonska gornja \u0161ina za gipsane plo\u010de 4m Crna &#8211; SK113.L.NM.4"},"content":{"rendered":"<p>SKY &#8211; Plafonska gornja \u0161ina za gipsane plo\u010de 4m Crna &#8211; SK113.L.NM.4<\/p>\n","protected":false},"excerpt":{"rendered":"<p>SKY &#8211; Plafonska gornja \u0161ina za gipsane plo\u010de 4m Crna &#8211; SK113.L.NM.4 [&#8230;]<\/p>\n<p><a class=\"btn btn-secondary understrap-read-more-link\" href=\"https:\/\/artinvesthome.com\/en\/product\/sky-plafonska-gornja-sina-za-gipsane-ploce-4m-crna-sk113-l-nm-4\/\">Read More&#8230;<\/a><\/p>\n","protected":false},"featured_media":37021,"template":"","meta":[],"class_list":{"0":"post-36629","1":"product","2":"type-product","3":"status-publish","4":"has-post-thumbnail","6":"product_cat-sistemi-za-pregradna-vrata","7":"product_cat-sine-za-klizna-pregradna-vrata","8":"product_cat-repromaterijali","9":"product_cat-okov-za-namestaj","10":"pa_dobavljac-adinor","11":"pa_jedinica-mere-kom","13":"first","14":"instock","15":"shipping-taxable","16":"purchasable","17":"product-type-simple"},"_links":{"self":[{"href":"https:\/\/artinvesthome.com\/en\/wp-json\/wp\/v2\/product\/36629","targetHints":{"allow":["GET"]}}],"collection":[{"href":"https:\/\/artinvesthome.com\/en\/wp-json\/wp\/v2\/product"}],"about":[{"href":"https:\/\/artinvesthome.com\/en\/wp-json\/wp\/v2\/types\/product"}],"wp:featuredmedia":[{"embeddable":true,"href":"https:\/\/artinvesthome.com\/en\/wp-json\/wp\/v2\/media\/37021"}],"wp:attachment":[{"href":"https:\/\/artinvesthome.com\/en\/wp-json\/wp\/v2\/media?parent=36629"}],"curies":[{"name":"wp","href":"https:\/\/api.w.org\/{rel}","templated":true}]}}