{"id":36633,"date":"2023-11-17T12:02:49","date_gmt":"2023-11-17T11:02:49","guid":{"rendered":"https:\/\/artinvesthome.com\/product\/sky-dupli-nosac-plafonske-sine-za-gips-ploce-sk-st2-113\/"},"modified":"2023-12-21T10:19:49","modified_gmt":"2023-12-21T09:19:49","slug":"sky-dupli-nosac-plafonske-sine-za-gips-ploce-sk-st2-113","status":"publish","type":"product","link":"https:\/\/artinvesthome.com\/en\/product\/sky-dupli-nosac-plafonske-sine-za-gips-ploce-sk-st2-113\/","title":{"rendered":"SKY &#8211; Dupli nosa\u010d plafonske \u0161ine za gips plo\u010de &#8211; SK.ST2.113"},"content":{"rendered":"<p>SKY &#8211; Dupli nosa\u010d plafonske \u0161ine za gips plo\u010de &#8211; SK.ST2.113<\/p>\n","protected":false},"excerpt":{"rendered":"<p>SKY &#8211; Dupli nosa\u010d plafonske \u0161ine za gips plo\u010de &#8211; SK.ST2.113 [&#8230;]<\/p>\n<p><a class=\"btn btn-secondary understrap-read-more-link\" href=\"https:\/\/artinvesthome.com\/en\/product\/sky-dupli-nosac-plafonske-sine-za-gips-ploce-sk-st2-113\/\">Read More&#8230;<\/a><\/p>\n","protected":false},"featured_media":37035,"template":"","meta":[],"class_list":{"0":"post-36633","1":"product","2":"type-product","3":"status-publish","4":"has-post-thumbnail","6":"product_cat-nekategorizovano","7":"pa_dobavljac-adinor","8":"pa_jedinica-mere-kom","10":"first","11":"instock","12":"shipping-taxable","13":"purchasable","14":"product-type-simple"},"_links":{"self":[{"href":"https:\/\/artinvesthome.com\/en\/wp-json\/wp\/v2\/product\/36633","targetHints":{"allow":["GET"]}}],"collection":[{"href":"https:\/\/artinvesthome.com\/en\/wp-json\/wp\/v2\/product"}],"about":[{"href":"https:\/\/artinvesthome.com\/en\/wp-json\/wp\/v2\/types\/product"}],"wp:featuredmedia":[{"embeddable":true,"href":"https:\/\/artinvesthome.com\/en\/wp-json\/wp\/v2\/media\/37035"}],"wp:attachment":[{"href":"https:\/\/artinvesthome.com\/en\/wp-json\/wp\/v2\/media?parent=36633"}],"curies":[{"name":"wp","href":"https:\/\/api.w.org\/{rel}","templated":true}]}}