{"id":36648,"date":"2023-11-17T12:03:43","date_gmt":"2023-11-17T11:03:43","guid":{"rendered":"https:\/\/artinvesthome.com\/product\/moka-drrzac-pantalona-564-614mm-63-papg-600\/"},"modified":"2024-05-25T11:46:37","modified_gmt":"2024-05-25T09:46:37","slug":"moka-drrzac-pantalona-564-614mm-63-papg-600","status":"publish","type":"product","link":"https:\/\/artinvesthome.com\/en\/product\/moka-drrzac-pantalona-564-614mm-63-papg-600\/","title":{"rendered":"MOKA &#8211; Drr\u017ea\u010d pantalona 564-614mm &#8211; 63.PAPG.600"},"content":{"rendered":"<p>MOKA &#8211; Drr\u017ea\u010d pantalona 564-614mm &#8211; 63.PAPG.600<\/p>\n","protected":false},"excerpt":{"rendered":"<p>MOKA &#8211; Drr\u017ea\u010d pantalona 564-614mm &#8211; 63.PAPG.600 [&#8230;]<\/p>\n<p><a class=\"btn btn-secondary understrap-read-more-link\" href=\"https:\/\/artinvesthome.com\/en\/product\/moka-drrzac-pantalona-564-614mm-63-papg-600\/\">Read More&#8230;<\/a><\/p>\n","protected":false},"featured_media":0,"template":"","meta":[],"class_list":{"0":"post-36648","1":"product","2":"type-product","3":"status-publish","5":"product_cat-repromaterijali","6":"product_cat-oprema-za-plakare","7":"product_cat-nosac-pantalona","8":"product_cat-okov-za-namestaj","10":"first","11":"instock","12":"shipping-taxable","13":"purchasable","14":"product-type-simple"},"_links":{"self":[{"href":"https:\/\/artinvesthome.com\/en\/wp-json\/wp\/v2\/product\/36648","targetHints":{"allow":["GET"]}}],"collection":[{"href":"https:\/\/artinvesthome.com\/en\/wp-json\/wp\/v2\/product"}],"about":[{"href":"https:\/\/artinvesthome.com\/en\/wp-json\/wp\/v2\/types\/product"}],"wp:attachment":[{"href":"https:\/\/artinvesthome.com\/en\/wp-json\/wp\/v2\/media?parent=36648"}],"curies":[{"name":"wp","href":"https:\/\/api.w.org\/{rel}","templated":true}]}}